{"id":19816,"date":"2026-04-09T16:19:48","date_gmt":"2026-04-09T14:19:48","guid":{"rendered":"https:\/\/starbottle.space\/?post_type=product&#038;p=19816"},"modified":"2026-04-09T16:36:01","modified_gmt":"2026-04-09T14:36:01","slug":"messaggio-star-bottle-30-dicembre-2026","status":"publish","type":"product","link":"https:\/\/starbottle.space\/fr\/produit\/lancement-30-decembre-2026\/","title":{"rendered":"STAR BOTTLE\u00ae Message 30 d\u00e9cembre 2026"},"content":{"rendered":"","protected":false},"excerpt":{"rendered":"<p>Si vous disposez d'un code de r\u00e9duction, vous pouvez l'utiliser sur la page de paiement, dans la section Coupon sous le r\u00e9capitulatif de la commande.<\/p>","protected":false},"featured_media":2898,"comment_status":"closed","ping_status":"closed","template":"","meta":{"_acf_changed":false,"wds_primary_product_brand":0,"wds_primary_product_cat":0},"product_brand":[],"product_cat":[34],"product_tag":[52],"class_list":{"0":"post-19816","1":"product","2":"type-product","3":"status-publish","4":"has-post-thumbnail","6":"product_cat-senza-categoria","7":"product_tag-starmessage","9":"first","10":"instock","11":"sold-individually","12":"shipping-taxable","13":"purchasable","14":"product-type-variable","15":"has-default-attributes"},"acf":[],"_links":{"self":[{"href":"https:\/\/starbottle.space\/fr\/wp-json\/wp\/v2\/product\/19816","targetHints":{"allow":["GET"]}}],"collection":[{"href":"https:\/\/starbottle.space\/fr\/wp-json\/wp\/v2\/product"}],"about":[{"href":"https:\/\/starbottle.space\/fr\/wp-json\/wp\/v2\/types\/product"}],"replies":[{"embeddable":true,"href":"https:\/\/starbottle.space\/fr\/wp-json\/wp\/v2\/comments?post=19816"}],"wp:featuredmedia":[{"embeddable":true,"href":"https:\/\/starbottle.space\/fr\/wp-json\/wp\/v2\/media\/2898"}],"wp:attachment":[{"href":"https:\/\/starbottle.space\/fr\/wp-json\/wp\/v2\/media?parent=19816"}],"wp:term":[{"taxonomy":"product_brand","embeddable":true,"href":"https:\/\/starbottle.space\/fr\/wp-json\/wp\/v2\/product_brand?post=19816"},{"taxonomy":"product_cat","embeddable":true,"href":"https:\/\/starbottle.space\/fr\/wp-json\/wp\/v2\/product_cat?post=19816"},{"taxonomy":"product_tag","embeddable":true,"href":"https:\/\/starbottle.space\/fr\/wp-json\/wp\/v2\/product_tag?post=19816"}],"curies":[{"name":"wp","href":"https:\/\/api.w.org\/{rel}","templated":true}]}}