{"id":7070,"date":"2024-07-08T12:24:46","date_gmt":"2024-07-08T12:24:46","guid":{"rendered":"https:\/\/starbottle.space\/?page_id=7070"},"modified":"2024-07-23T08:59:42","modified_gmt":"2024-07-23T08:59:42","slug":"rassegna-stampa","status":"publish","type":"page","link":"https:\/\/starbottle.space\/fr\/revue-de-presse\/","title":{"rendered":"revue de presse"},"content":{"rendered":"<div data-elementor-type=\"wp-page\" data-elementor-id=\"7070\" class=\"elementor elementor-7070\" data-elementor-post-type=\"page\">\n\t\t\t\t<div class=\"elementor-element elementor-element-777b97a0 e-con-full e-flex e-con e-parent\" data-id=\"777b97a0\" data-element_type=\"container\" data-e-type=\"container\" data-settings=\"{&quot;background_background&quot;:&quot;classic&quot;}\">\n\t\t<div class=\"elementor-element elementor-element-541b05b e-con-full animated-slow e-flex elementor-invisible e-con e-child\" data-id=\"541b05b\" data-element_type=\"container\" data-e-type=\"container\" data-settings=\"{&quot;animation&quot;:&quot;fadeIn&quot;}\">\n\t\t\t\t<div class=\"elementor-element elementor-element-7d9f8f3f elementor-widget elementor-widget-text-editor\" data-id=\"7d9f8f3f\" data-element_type=\"widget\" data-e-type=\"widget\" data-widget_type=\"text-editor.default\">\n\t\t\t\t<div class=\"elementor-widget-container\">\n\t\t\t\t\t\t\t\t\t<h1 class=\"alice-title\"><span class=\"sb-t-r\">STAR BOTTLE<span class=\"se_tr\">\u00ae<\/span><\/span><br \/><span id=\"alice-subtitle\" class=\"alice-subtitle\"><br \/>revue de presse<\/span><\/h1>\t\t\t\t\t\t\t\t<\/div>\n\t\t\t\t<\/div>\n\t\t\t\t<\/div>\n\t\t\t\t<\/div>\n\t\t<div class=\"elementor-element elementor-element-e56f600 e-flex e-con-boxed e-con e-parent\" data-id=\"e56f600\" data-element_type=\"container\" data-e-type=\"container\">\n\t\t\t\t\t<div class=\"e-con-inner\">\n\t\t\t\t<div class=\"elementor-element elementor-element-afa835d elementor-widget elementor-widget-image\" data-id=\"afa835d\" data-element_type=\"widget\" data-e-type=\"widget\" data-widget_type=\"image.default\">\n\t\t\t\t<div class=\"elementor-widget-container\">\n\t\t\t\t\t\t\t\t\t\t\t\t\t\t\t<img fetchpriority=\"high\" decoding=\"async\" width=\"724\" height=\"1024\" src=\"https:\/\/starbottle.space\/wp-content\/smush-webp\/2024\/07\/Locandina-A4-STAR-BOTTLE-PRESS-RELEASE-ITALIA-724x1024.jpg.webp\" class=\"attachment-large size-large wp-image-7071\" alt=\"\" srcset=\"https:\/\/starbottle.space\/wp-content\/smush-webp\/2024\/07\/Locandina-A4-STAR-BOTTLE-PRESS-RELEASE-ITALIA-724x1024.jpg.webp 724w, https:\/\/starbottle.space\/wp-content\/smush-webp\/2024\/07\/Locandina-A4-STAR-BOTTLE-PRESS-RELEASE-ITALIA-212x300.jpg.webp 212w, https:\/\/starbottle.space\/wp-content\/smush-webp\/2024\/07\/Locandina-A4-STAR-BOTTLE-PRESS-RELEASE-ITALIA-768x1086.jpg.webp 768w, https:\/\/starbottle.space\/wp-content\/smush-webp\/2024\/07\/Locandina-A4-STAR-BOTTLE-PRESS-RELEASE-ITALIA-1086x1536.jpg.webp 1086w, https:\/\/starbottle.space\/wp-content\/smush-webp\/2024\/07\/Locandina-A4-STAR-BOTTLE-PRESS-RELEASE-ITALIA-1448x2048.jpg.webp 1448w, https:\/\/starbottle.space\/wp-content\/smush-webp\/2024\/07\/Locandina-A4-STAR-BOTTLE-PRESS-RELEASE-ITALIA-8x12.jpg.webp 8w, https:\/\/starbottle.space\/wp-content\/smush-webp\/2024\/07\/Locandina-A4-STAR-BOTTLE-PRESS-RELEASE-ITALIA-600x849.jpg.webp 600w, https:\/\/starbottle.space\/wp-content\/smush-webp\/2024\/07\/Locandina-A4-STAR-BOTTLE-PRESS-RELEASE-ITALIA-scaled.jpg.webp 1810w\" sizes=\"(max-width: 724px) 100vw, 724px\" \/>\t\t\t\t\t\t\t\t\t\t\t\t\t\t\t<\/div>\n\t\t\t\t<\/div>\n\t\t\t\t\t<\/div>\n\t\t\t\t<\/div>\n\t\t<div class=\"elementor-element elementor-element-5a5cb8d5 e-flex e-con-boxed e-con e-parent\" data-id=\"5a5cb8d5\" data-element_type=\"container\" data-e-type=\"container\" data-settings=\"{&quot;background_background&quot;:&quot;classic&quot;}\">\n\t\t\t\t\t<div class=\"e-con-inner\">\n\t\t<div class=\"elementor-element elementor-element-23d88df4 e-flex e-con-boxed e-con e-child\" data-id=\"23d88df4\" data-element_type=\"container\" data-e-type=\"container\">\n\t\t\t\t\t<div class=\"e-con-inner\">\n\t\t<div class=\"elementor-element elementor-element-44736d9 e-flex e-con-boxed e-con e-child\" data-id=\"44736d9\" data-element_type=\"container\" data-e-type=\"container\">\n\t\t\t\t\t<div class=\"e-con-inner\">\n\t\t\t\t<div class=\"elementor-element elementor-element-384e912 elementor-widget elementor-widget-text-editor\" data-id=\"384e912\" data-element_type=\"widget\" data-e-type=\"widget\" data-widget_type=\"text-editor.default\">\n\t\t\t\t<div class=\"elementor-widget-container translation-block\"><span class=\"sb-t-r\">STAR\u00a0BOTTLE<span class=\"se_tr\" style=\"font-size: 35px\">\u00ae<\/span><\/span><\/div>\n\t\t\t\t<\/div>\n\t\t\t\t<div class=\"elementor-element elementor-element-4ea711e elementor-widget elementor-widget-text-editor\" data-id=\"4ea711e\" data-element_type=\"widget\" data-e-type=\"widget\" data-widget_type=\"text-editor.default\">\n\t\t\t\t<div class=\"elementor-widget-container\">\n\t\t\t\t\t\t\t\t\t<p>un r\u00eave qui est d\u00e9j\u00e0 futur<\/p>\t\t\t\t\t\t\t\t<\/div>\n\t\t\t\t<\/div>\n\t\t\t\t<div class=\"elementor-element elementor-element-726b44fe elementor-widget elementor-widget-text-editor\" data-id=\"726b44fe\" data-element_type=\"widget\" data-e-type=\"widget\" data-widget_type=\"text-editor.default\">\n\t\t\t\t<div class=\"elementor-widget-container translation-block\">Rejoignez le projet, achetez et envoyez votre message dans le Deep Space<\/div>\n\t\t\t\t<\/div>\n\t\t\t\t\t<\/div>\n\t\t\t\t<\/div>\n\t\t<div class=\"elementor-element elementor-element-e528f5f e-con-full animated-slow e-flex elementor-invisible e-con e-child\" data-id=\"e528f5f\" data-element_type=\"container\" data-e-type=\"container\" data-settings=\"{&quot;animation&quot;:&quot;fadeIn&quot;}\">\n\t\t\t\t<div class=\"elementor-element elementor-element-fa773cf elementor-widget elementor-widget-text-editor\" data-id=\"fa773cf\" data-element_type=\"widget\" data-e-type=\"widget\" data-widget_type=\"text-editor.default\">\n\t\t\t\t<div class=\"elementor-widget-container\">\n\t\t\t\t\t\t\t\t\t<p><b>ENVOYEZ VOTRE MESSAGE DANS L'ESPACE<\/b><\/p>\t\t\t\t\t\t\t\t<\/div>\n\t\t\t\t<\/div>\n\t\t\t\t<div class=\"elementor-element elementor-element-6c85b733 elementor-align-center elementor-mobile-align-center elementor-widget elementor-widget-button\" data-id=\"6c85b733\" data-element_type=\"widget\" data-e-type=\"widget\" data-widget_type=\"button.default\">\n\t\t\t\t<div class=\"elementor-widget-container\">\n\t\t\t\t\t\t\t\t\t<div class=\"elementor-button-wrapper\">\n\t\t\t\t\t<a class=\"elementor-button elementor-button-link elementor-size-sm\" href=\"https:\/\/starbottle.space\/fr\/envoyer-un-message\/\">\n\t\t\t\t\t\t<span class=\"elementor-button-content-wrapper\">\n\t\t\t\t\t\t\t\t\t<span class=\"elementor-button-text\">ENVOYER UN MESSAGE<\/span>\n\t\t\t\t\t<\/span>\n\t\t\t\t\t<\/a>\n\t\t\t\t<\/div>\n\t\t\t\t\t\t\t\t<\/div>\n\t\t\t\t<\/div>\n\t\t\t\t<\/div>\n\t\t\t\t\t<\/div>\n\t\t\t\t<\/div>\n\t\t\t\t\t<\/div>\n\t\t\t\t<\/div>\n\t\t\t\t<\/div>","protected":false},"excerpt":{"rendered":"<p>STAR BOTTLE\u00ae Revue de presse D\u00e9couvrez ce que l'on dit de Star Bottle\u00ae Pr\u00e9c\u00e9dent Suivant Pr\u00e9c\u00e9dent Suivant STAR BOTTLE\u00ae un r\u00eave qui est d\u00e9j\u00e0 r\u00e9alit\u00e9 Rejoignez vous aussi le projet, achetez et envoyez votre message dans l'espace profond ENVOYEZ VOTRE MESSAGE DANS L'ESPACE ENVOYER UN MESSAGE<\/p>","protected":false},"author":1,"featured_media":0,"parent":0,"menu_order":0,"comment_status":"closed","ping_status":"closed","template":"","meta":{"_acf_changed":false,"footnotes":""},"class_list":["post-7070","page","type-page","status-publish","hentry"],"acf":[],"_links":{"self":[{"href":"https:\/\/starbottle.space\/fr\/wp-json\/wp\/v2\/pages\/7070","targetHints":{"allow":["GET"]}}],"collection":[{"href":"https:\/\/starbottle.space\/fr\/wp-json\/wp\/v2\/pages"}],"about":[{"href":"https:\/\/starbottle.space\/fr\/wp-json\/wp\/v2\/types\/page"}],"author":[{"embeddable":true,"href":"https:\/\/starbottle.space\/fr\/wp-json\/wp\/v2\/users\/1"}],"replies":[{"embeddable":true,"href":"https:\/\/starbottle.space\/fr\/wp-json\/wp\/v2\/comments?post=7070"}],"version-history":[{"count":10,"href":"https:\/\/starbottle.space\/fr\/wp-json\/wp\/v2\/pages\/7070\/revisions"}],"predecessor-version":[{"id":7737,"href":"https:\/\/starbottle.space\/fr\/wp-json\/wp\/v2\/pages\/7070\/revisions\/7737"}],"wp:attachment":[{"href":"https:\/\/starbottle.space\/fr\/wp-json\/wp\/v2\/media?parent=7070"}],"curies":[{"name":"wp","href":"https:\/\/api.w.org\/{rel}","templated":true}]}}