{"id":2632,"date":"2024-05-23T10:48:40","date_gmt":"2024-05-23T10:48:40","guid":{"rendered":"https:\/\/starbottle.seppiastaging.it\/?page_id=2632"},"modified":"2024-06-18T13:36:53","modified_gmt":"2024-06-18T13:36:53","slug":"esclusione-di-responsabilita","status":"publish","type":"page","link":"https:\/\/starbottle.space\/fr\/clause-de-non-responsabilite\/","title":{"rendered":"Exclusion de responsabilite"},"content":{"rendered":"<div data-elementor-type=\"wp-page\" data-elementor-id=\"2632\" class=\"elementor elementor-2632\" data-elementor-post-type=\"page\">\n\t\t\t\t<div class=\"elementor-element elementor-element-420063c0 e-con-full e-flex e-con e-parent\" data-id=\"420063c0\" data-element_type=\"container\" data-e-type=\"container\" data-settings=\"{&quot;background_background&quot;:&quot;classic&quot;}\">\n\t\t<div class=\"elementor-element elementor-element-4b39d854 e-con-full animated-slow e-flex elementor-invisible e-con e-child\" data-id=\"4b39d854\" data-element_type=\"container\" data-e-type=\"container\" data-settings=\"{&quot;animation&quot;:&quot;fadeIn&quot;}\">\n\t\t\t\t<div class=\"elementor-element elementor-element-7acdb49f elementor-widget elementor-widget-text-editor\" data-id=\"7acdb49f\" data-element_type=\"widget\" data-e-type=\"widget\" data-widget_type=\"text-editor.default\">\n\t\t\t\t<div class=\"elementor-widget-container\">\n\t\t\t\t\t\t\t\t\t<p>EXCLUSION DE RESPONSABILITE<\/p>\t\t\t\t\t\t\t\t<\/div>\n\t\t\t\t<\/div>\n\t\t\t\t<\/div>\n\t\t<div class=\"elementor-element elementor-element-136c5c99 e-con-full animated-slow e-flex elementor-invisible e-con e-child\" data-id=\"136c5c99\" data-element_type=\"container\" data-e-type=\"container\" data-settings=\"{&quot;animation&quot;:&quot;fadeIn&quot;}\">\n\t\t\t\t<div class=\"elementor-element elementor-element-2c3199d0 elementor-widget elementor-widget-text-editor\" data-id=\"2c3199d0\" data-element_type=\"widget\" data-e-type=\"widget\" data-widget_type=\"text-editor.default\">\n\t\t\t\t<div class=\"elementor-widget-container\">\n\t\t\t\t\t\t\t\t\tTous les contenus sont publi\u00e9s sous licence Creative Commons, sauf indication contraire. L'\u00e9diteur n'assume aucune responsabilit\u00e9 pour les erreurs ou omissions contenues dans les articles ou pour les erreurs ou inexactitudes qui auraient pu se produire dans leur reproduction sur le site, qui a \u00e9t\u00e9 d\u00e9fini et, dans la mesure du possible, sera g\u00e9r\u00e9 en appliquant tous les \u00e9quilibres techniques possibles et en adoptant l'instrumentation appropri\u00e9e pour garantir un fonctionnement correct et continu de ce dernier. Toutefois, m\u00eame par rapport \u00e0 l'\u00e9tat actuel des connaissances et de la technologie, l'\u00e9diteur ne peut exclure l'apparition de dysfonctionnements occasionnels et\/ou de d\u00e9fauts de transmission. Certaines photographies pr\u00e9sentes ont \u00e9t\u00e9 partiellement trouv\u00e9es sur le web et sont donc consid\u00e9r\u00e9es comme faisant partie du domaine public. Si les sujets ou les auteurs s'opposent \u00e0 la publication, ils peuvent en demander le retrait en \u00e9crivant \u00e0 l'adresse \u00e9lectronique de la soci\u00e9t\u00e9 d'\u00e9dition mentionn\u00e9e ci-dessus.\n<br>\n<br>\nEn cons\u00e9quence, en acc\u00e9dant au site, le lecteur accepte ce qui suit (en tant qu'expression des conditions fix\u00e9es par l'\u00e9diteur) :\n<ol>\n \t<li>\n<div>les pages ou fractions de pages pourraient \u00eatre temporairement inaccessibles, en raison de dysfonctionnements et\/ou de d\u00e9fauts de connexion ou en tout \u00e9tat de cause d'\u00e9v\u00e9nements ind\u00e9pendants de la volont\u00e9 de l'\u00e9diteur ;<\/div><\/li>\n \t<li>\n<div>l'\u00e9diteur, sauf indication contraire, n'exerce aucun contr\u00f4le sur la nature ou le contenu des informations des programmes\/contenus transmis ou re\u00e7us par le lecteur qui utilise le site, ni n'examine en aucune mani\u00e8re la fa\u00e7on dont le site est utilis\u00e9 ;<\/div><\/li>\n \t<li>\n<div>l'\u00e9diteur n'est pas responsable du mat\u00e9riel utilis\u00e9 et\/ou du comportement des lecteurs lorsqu'ils naviguent sur le site ;<\/div><\/li>\n \t<li>\n<div>l'\u00e9diteur n'est pas responsable de la transmission \u00e0 l'ordinateur du lecteur de virus et\/ou de contenus nuisibles provenant de tiers.<\/div><\/li>\n<\/ol>\n<br>\nEn consultant le site, le lecteur s'engage \u00e0 :\n<ol>\n \t<li>\n<div>ne pas utiliser le mat\u00e9riel publi\u00e9 \u00e0 des fins ill\u00e9gales ou comme outil pour divulguer ou diffuser de quelque mani\u00e8re que ce soit du mat\u00e9riel ou des contenus pr\u00e9destin\u00e9s \u00e0 la commission d'activit\u00e9s ill\u00e9gales ;<\/div><\/li>\n \t<li>\n<div>ne pas utiliser le site ou une partie de celui-ci ou les pages qui y sont li\u00e9es pour transmettre ou placer des virus ou tout autre mat\u00e9riel diffamatoire, offensant, obsc\u00e8ne, mena\u00e7ant, qui pourrait de quelque mani\u00e8re que ce soit cr\u00e9er un ennui, une perturbation ou un pr\u00e9judice et, en tout \u00e9tat de cause, contraire \u00e0 l'ordre juridique ;<\/div><\/li>\n \t<li>\n<div>ne pas utiliser le site ou une partie de celui-ci ou les pages qui y sont li\u00e9es de mani\u00e8re \u00e0 constituer une violation des droits des personnes ou des soci\u00e9t\u00e9s, y compris, \u00e0 titre d'exemple mais sans s'y limiter, des droits d'auteur ou des droits \u00e0 la vie priv\u00e9e ;<\/div><\/li>\n \t<li>\n<div>ne pas utiliser tout ou partie du site ou des pages qui y sont li\u00e9es pour transmettre du mat\u00e9riel \u00e0 des fins publicitaires et\/ou promotionnelles sans l'autorisation \u00e9crite de l'\u00e9diteur.<\/div><\/li>\n<\/ol>\n<br>\nToutes les publications sont r\u00e9alis\u00e9es sans aucune protection de brevet, \u00e0 l'exception des articles portant la mention \u00ab reproduction r\u00e9serv\u00e9e \u00bb au bas de l'article ; en outre, les noms couverts par d'\u00e9ventuelles marques d\u00e9pos\u00e9es sont utilis\u00e9s sans en tenir compte. Les manuscrits, courriers \u00e9lectroniques, fichiers, documents, photos, dessins et\/ou autre mat\u00e9riel envoy\u00e9s \u00e0 la r\u00e9daction par quelque moyen que ce soit, m\u00eame s'ils ne sont pas publi\u00e9s, ne seront en aucun cas restitu\u00e9s. Conform\u00e9ment et aux fins de l'art. 5 L. 633\/1941 et ses modifications et int\u00e9grations successives, les textes des actes officiels de l'\u00c9tat et de l'Administration publique, italiens et \u00e9trangers, ne sont pas couverts par le droit d'auteur. Tous les textes des mesures publi\u00e9es, m\u00eame par le biais de liens, ne sont pas officiels ; nous d\u00e9clinons donc toute responsabilit\u00e9 en cas d'inexactitude. Les articles sign\u00e9s n'engagent pas le p\u00e9riodique, mais seulement l'auteur indiqu\u00e9. Les articles et\/ou documents portant l'indication de la source d'origine sont rapport\u00e9s int\u00e9gralement et, par cons\u00e9quent, l'auteur doit \u00eatre compris comme la m\u00eame source d'origine ; il s'ensuit que le contenu de ces articles et\/ou documents n'engage pas ce p\u00e9riodique, mais l'ex\u00e9cutant r\u00e9el. La soci\u00e9t\u00e9 \u00e9ditrice se r\u00e9serve le droit de modifier et\/ou d'\u00e9liminer tout type d'information et\/ou de contenu pr\u00e9sent\u00e9 sur ce site, \u00e0 tout moment et sans pr\u00e9avis ni condition. La technologie du moteur de recherche Google (principale source d'information utilis\u00e9e par ce p\u00e9riodique) produit automatiquement des r\u00e9sultats de recherche qui font r\u00e9f\u00e9rence \u00e0 des informations diffus\u00e9es dans le monde entier et accessibles via Internet. L'\u00e9diteur n'a aucun contr\u00f4le sur ces informations, ne fournit aucune garantie sur celles-ci et notamment sur leur exactitude, leur contenu ou leur qualit\u00e9. L'\u00e9diteur n'est pas non plus responsable si les r\u00e9sultats d'une recherche conduisent \u00e0 la consultation d'informations jug\u00e9es ind\u00e9sirables ou incompatibles avec l'objet de la recherche.\t\t\t\t\t\t\t\t<\/div>\n\t\t\t\t<\/div>\n\t\t\t\t<\/div>\n\t\t\t\t<\/div>\n\t\t\t\t<\/div>","protected":false},"excerpt":{"rendered":"<p>ESCLUSIONE DI RESPONSABILIT\u00c0 Tutti i contenuti sono pubblicati con licenza Creative Commons, salvo diversa indicazione. L&#8217;editore non si assume alcuna responsabilit\u00e0 per eventuali errori od omissioni contenuti negli articoli o per errori o imprecisioni che possano essersi verificati nella loro riproduzione sul sito, che \u00e8 stato definito e, per quanto possibile, sar\u00e0 gestito applicando ogni [&hellip;]<\/p>\n","protected":false},"author":1,"featured_media":0,"parent":0,"menu_order":0,"comment_status":"closed","ping_status":"closed","template":"","meta":{"_acf_changed":false,"footnotes":""},"class_list":["post-2632","page","type-page","status-publish","hentry"],"acf":[],"_links":{"self":[{"href":"https:\/\/starbottle.space\/fr\/wp-json\/wp\/v2\/pages\/2632","targetHints":{"allow":["GET"]}}],"collection":[{"href":"https:\/\/starbottle.space\/fr\/wp-json\/wp\/v2\/pages"}],"about":[{"href":"https:\/\/starbottle.space\/fr\/wp-json\/wp\/v2\/types\/page"}],"author":[{"embeddable":true,"href":"https:\/\/starbottle.space\/fr\/wp-json\/wp\/v2\/users\/1"}],"replies":[{"embeddable":true,"href":"https:\/\/starbottle.space\/fr\/wp-json\/wp\/v2\/comments?post=2632"}],"version-history":[{"count":7,"href":"https:\/\/starbottle.space\/fr\/wp-json\/wp\/v2\/pages\/2632\/revisions"}],"predecessor-version":[{"id":5038,"href":"https:\/\/starbottle.space\/fr\/wp-json\/wp\/v2\/pages\/2632\/revisions\/5038"}],"wp:attachment":[{"href":"https:\/\/starbottle.space\/fr\/wp-json\/wp\/v2\/media?parent=2632"}],"curies":[{"name":"wp","href":"https:\/\/api.w.org\/{rel}","templated":true}]}}