{"id":2630,"date":"2024-05-23T10:48:26","date_gmt":"2024-05-23T10:48:26","guid":{"rendered":"https:\/\/starbottle.seppiastaging.it\/?page_id=2630"},"modified":"2024-06-20T10:15:45","modified_gmt":"2024-06-20T10:15:45","slug":"informativa-sulla-privacy","status":"publish","type":"page","link":"https:\/\/starbottle.space\/fr\/politique-de-confidentialite\/","title":{"rendered":"Politique de confidentialit\u00e9"},"content":{"rendered":"<div data-elementor-type=\"wp-page\" data-elementor-id=\"2630\" class=\"elementor elementor-2630\" data-elementor-post-type=\"page\">\n\t\t\t\t<div class=\"elementor-element elementor-element-b8b5e9a e-con-full e-flex e-con e-parent\" data-id=\"b8b5e9a\" data-element_type=\"container\" data-e-type=\"container\" data-settings=\"{&quot;background_background&quot;:&quot;classic&quot;}\">\n\t\t<div class=\"elementor-element elementor-element-4036783f e-con-full animated-slow e-flex elementor-invisible e-con e-child\" data-id=\"4036783f\" data-element_type=\"container\" data-e-type=\"container\" data-settings=\"{&quot;animation&quot;:&quot;fadeIn&quot;}\">\n\t\t\t\t<div class=\"elementor-element elementor-element-7c25205d elementor-widget elementor-widget-text-editor\" data-id=\"7c25205d\" data-element_type=\"widget\" data-e-type=\"widget\" data-widget_type=\"text-editor.default\">\n\t\t\t\t<div class=\"elementor-widget-container\">\n\t\t\t\t\t\t\t\t\t<p>POLITIQUE DE CONFIDENTIALIT\u00c9<\/p>\t\t\t\t\t\t\t\t<\/div>\n\t\t\t\t<\/div>\n\t\t\t\t<\/div>\n\t\t<div class=\"elementor-element elementor-element-65cf869f e-con-full animated-slow e-flex elementor-invisible e-con e-child\" data-id=\"65cf869f\" data-element_type=\"container\" data-e-type=\"container\" data-settings=\"{&quot;animation&quot;:&quot;fadeIn&quot;}\">\n\t\t\t\t<div class=\"elementor-element elementor-element-2c6f41e7 elementor-widget elementor-widget-text-editor\" data-id=\"2c6f41e7\" data-element_type=\"widget\" data-e-type=\"widget\" data-widget_type=\"text-editor.default\">\n\t\t\t\t<div class=\"elementor-widget-container\">\n\t\t\t\t\t\t\t\t\t<p>Le pr\u00e9sent document a pour objet d'informer la personne physique (ci-apr\u00e8s \u00ab<strong>Personne concern\u00e9e<\/strong>\u00bb) du traitement de ses donn\u00e9es personnelles (ci-apr\u00e8s \u00ab<strong>Donn\u00e9es personnelles<\/strong>\u00bb) collect\u00e9es par le responsable du traitement, Nextcom s.r.l., dont le si\u00e8ge social est situ\u00e9 Via Paolo Bassi 29, 20135 Milano, Code fiscal\/VAT No. 06026720968, REA MI-1865810, adresse e-mail\u00a0<a title=\"mailto:privacy@starbottle.space\" href=\"mailto:privacy@starbottle.space\"><span style=\"color: white; text-decoration: underline;\">privacy@starbottle.space<\/span><\/a>, (ci-apr\u00e8s \u00ab<strong>Responsable du traitement<\/strong>\u00bb), via le site web\u00a0<a title=\"\/fr\" href=\"https:\/\/starbottle.space\/it\"><span style=\"color: white; text-decoration: underline;\">starbottle.space<\/span><\/a>\u00a0(ci-apr\u00e8s \u00ab<strong>Application<\/strong>\u201d).<br \/><br \/><br \/>Les modifications et mises \u00e0 jour seront effectives d\u00e8s leur publication sur l'Application. En cas de non-acceptation des modifications apport\u00e9es \u00e0 la Politique de Confidentialit\u00e9, la Personne concern\u00e9e devra cesser d'utiliser cette Application et pourra demander au Responsable du traitement de supprimer ses Donn\u00e9es personnelles.<\/p><h5><strong>Cat\u00e9gories de donn\u00e9es personnelles trait\u00e9es<\/strong><\/h5><p>Le responsable du traitement traite les types suivants de donn\u00e9es personnelles fournies volontairement par la personne concern\u00e9e :<\/p><ul><li><div><strong>Donn\u00e9es de contact<\/strong>pr\u00e9nom, nom, adresse, adresse \u00e9lectronique, num\u00e9ro de t\u00e9l\u00e9phone, photos, identifiants d'authentification, toute autre information envoy\u00e9e par la personne concern\u00e9e, etc.<\/div><\/li><\/ul><p><br \/>Le responsable du traitement traite les types suivants de donn\u00e9es personnelles collect\u00e9es automatiquement :<\/p><ul><li><div><strong>Donn\u00e9es techniques\u00a0<\/strong>Donn\u00e9es personnelles produites par des appareils, des applications, des outils et des protocoles tels que, par exemple, des informations sur l'appareil utilis\u00e9, les adresses IP, le type de navigateur, le type de fournisseur d'acc\u00e8s \u00e0 Internet (FAI). Ces donn\u00e9es personnelles peuvent laisser des traces qui, combin\u00e9es \u00e0 des identifiants uniques et \u00e0 d'autres informations re\u00e7ues par les serveurs, peuvent \u00eatre utilis\u00e9es pour cr\u00e9er des profils d'individus.<\/div><\/li><li><div><strong>Donn\u00e9es d'utilisation\u00a0<\/strong>telles que, par exemple, les pages visit\u00e9es, le nombre de clics, les actions entreprises, la dur\u00e9e des sessions, etc.<\/div><\/li><\/ul><p><br \/>Si la personne concern\u00e9e d\u00e9cide de ne pas fournir des donn\u00e9es personnelles pour lesquelles il existe une obligation l\u00e9gale ou contractuelle, ou si ces donn\u00e9es sont une condition n\u00e9cessaire \u00e0 la conclusion du contrat avec le responsable du traitement, il sera impossible pour le responsable du traitement d'\u00e9tablir ou de poursuivre toute relation avec la personne concern\u00e9e.<br \/><br \/><br \/>La personne concern\u00e9e qui communique des donn\u00e9es personnelles de tiers au responsable du traitement est directement et exclusivement responsable de l'origine, de la collecte, du traitement, de la communication ou de la divulgation de ces donn\u00e9es.<\/p><h5><strong>Cookies et technologies similaires<\/strong><\/h5><p>L'Application utilise des cookies, des balises web, des identificateurs univoques et d'autres technologies similaires pour collecter les Donn\u00e9es Personnelles de la Personne concern\u00e9e sur les pages et les liens visit\u00e9s et d'autres actions effectu\u00e9es pendant l'utilisation de l'Application. Ces donn\u00e9es sont stock\u00e9es et utilis\u00e9es la prochaine fois que la personne concern\u00e9e navigue sur l'application. La politique compl\u00e8te en mati\u00e8re de cookies peut \u00eatre consult\u00e9e \u00e0 l'adresse suivante :\u00a0<a title=\"\/fr\/cookie-policy\" href=\"https:\/\/starbottle.space\/it\/cookie-policy\"><span style=\"color: white; text-decoration: underline;\">starbottle.space\/fr\/cookie-policy<\/span><\/a><\/p><h5><strong>Base juridique et finalit\u00e9 du traitement des donn\u00e9es<\/strong><\/h5><p>Le traitement des donn\u00e9es \u00e0 caract\u00e8re personnel est n\u00e9cessaire :<br \/><br \/><br \/><\/p><ul><li style=\"list-style-type: none;\"><ul><li style=\"list-style-type: none;\"><ul><li><div><p>\u00e0 l'ex\u00e9cution du contrat avec la personne concern\u00e9e et surtout :<\/p><\/div><p>\u00a0<\/p><div><ul><li style=\"list-style-type: none;\"><ul><li><div><p><strong>l'ex\u00e9cution de toute obligation d\u00e9coulant de la relation pr\u00e9contractuelle ou contractuelle avec la Personne concern\u00e9e.<\/strong><\/p><\/div><\/li><\/ul><\/li><\/ul><p>\u00a0<\/p><ul><li style=\"list-style-type: none;\"><ul><li><div><p><strong>enregistrement et authentification de la personne concern\u00e9e :<\/strong>\u00a0pour permettre \u00e0 la personne concern\u00e9e de s'enregistrer dans l'application, d'y acc\u00e9der et d'y \u00eatre identifi\u00e9e, y compris via des plateformes externes<\/p><\/div><\/li><\/ul><\/li><\/ul><p>\u00a0<\/p><ul><li><div><p><strong>assistance et contact avec la personne concern\u00e9e :<\/strong>\u00a0pour r\u00e9pondre aux demandes de la personne concern\u00e9e<\/p><\/div><\/li><\/ul><\/div><\/li><\/ul><\/li><\/ul><p>\u00a0<\/p><ul><li style=\"list-style-type: none;\"><ul><li><div><p>pour les obligations l\u00e9gales et notamment :<\/p><\/div><p>\u00a0<\/p><div><ul><li><div><p><strong>l'ex\u00e9cution de toute obligation pr\u00e9vue par les normes, lois et r\u00e8glements applicables,\u00a0<\/strong>notamment en mati\u00e8re fiscale.<\/p><\/div><\/li><\/ul><\/div><\/li><\/ul><\/li><\/ul><p>\u00a0<\/p><ul><li style=\"list-style-type: none;\"><ul><li><div><p>pour l'int\u00e9r\u00eat l\u00e9gitime du responsable du traitement, pour :<\/p><\/div><p>\u00a0<\/p><div><ul><li style=\"list-style-type: none;\"><ul><li><div><p><strong>des fins de marketing par e-mail des produits et\/ou services du Responsable du traitement<\/strong>\u00a0pour vendre directement les produits ou services du Responsable du traitement en utilisant l'e-mail fourni par la Personne concern\u00e9e dans le cadre de la vente d'un produit ou d'un service similaire \u00e0 celui qui est en cours de vente.<\/p><\/div><\/li><\/ul><\/li><\/ul><p>\u00a0<\/p><ul><li><div><p><strong>statistiques bas\u00e9es sur des donn\u00e9es anonymes :\u00a0<\/strong>pour effectuer des analyses statistiques sur des donn\u00e9es agr\u00e9g\u00e9es et anonymes afin d'analyser les comportements de la personne concern\u00e9e pour am\u00e9liorer les produits et\/ou services fournis par le responsable du traitement des donn\u00e9es et mieux r\u00e9pondre aux attentes de la personne concern\u00e9e<\/p><\/div><\/li><\/ul><\/div><\/li><\/ul><\/li><\/ul><p>\u00a0<\/p><ul><li><div><p>sur la base du consentement de la personne concern\u00e9e, pour :<\/p><\/div><p>\u00a0<\/p><div><ul><li style=\"list-style-type: none;\"><ul><li><div><p><strong>profilage de la Personne concern\u00e9e \u00e0 des fins de marketing :<\/strong>\u00a0pour fournir \u00e0 la Personne concern\u00e9e des informations sur les produits et\/ou services du Contr\u00f4leur des donn\u00e9es par le biais d'un traitement automatis\u00e9 con\u00e7u pour collecter des informations personnelles afin de pr\u00e9dire ou d'\u00e9valuer les pr\u00e9f\u00e9rences ou les comportements de la Personne concern\u00e9e.<\/p><\/div><\/li><\/ul><\/li><\/ul><p>\u00a0<\/p><ul><li style=\"list-style-type: none;\"><ul><li><div><p><strong>reciblage et remarketing:\u00a0<\/strong>pour atteindre avec une publicit\u00e9 personnalis\u00e9e la Personne concern\u00e9e qui a d\u00e9j\u00e0 visit\u00e9 ou montr\u00e9 de l'int\u00e9r\u00eat pour les produits et\/ou services offerts par l'Application en utilisant ses Donn\u00e9es personnelles. La personne concern\u00e9e peut s'y opposer en visitant la page\u00a0<a title=\"https:\/\/optout.networkadvertising.org\/?c=1\" href=\"https:\/\/optout.networkadvertising.org\/?c=1\" target=\"_blank\" rel=\"noopener\"><u><span style=\"color: white; text-decoration: underline;\">Page d'initiative sur la publicit\u00e9 en r\u00e9seau<\/span><\/u><\/a><\/p><\/div><\/li><\/ul><\/li><\/ul><p>\u00a0<\/p><ul><li><div><p><strong>\u00e0 des fins de marketing des produits et\/ou services du responsable du traitement :\u00a0<\/strong>pour envoyer des informations ou du mat\u00e9riel commercial et\/ou promotionnel, pour r\u00e9aliser des activit\u00e9s de vente directe des produits et\/ou services du responsable du traitement ou pour r\u00e9aliser des \u00e9tudes de march\u00e9 \u00e0 l'aide de m\u00e9thodes automatis\u00e9es et traditionnelles.<\/p><\/div><\/li><\/ul><\/div><\/li><\/ul><\/li><\/ul><p><br \/>Les donn\u00e9es personnelles de la personne concern\u00e9e peuvent \u00e9galement \u00eatre utilis\u00e9es par le responsable du traitement pour se prot\u00e9ger dans le cadre de proc\u00e9dures judiciaires devant les tribunaux comp\u00e9tents.<\/p><h5><strong>M\u00e9thodes de traitement des donn\u00e9es et destinataires des donn\u00e9es personnelles<\/strong><\/h5><p>Le traitement des donn\u00e9es \u00e0 caract\u00e8re personnel est effectu\u00e9 \u00e0 l'aide d'instruments papier et informatiques, selon des m\u00e9thodes organisationnelles et logiques strictement li\u00e9es aux objectifs d\u00e9clar\u00e9s et en adoptant des mesures de s\u00e9curit\u00e9 appropri\u00e9es.<br \/>Les donn\u00e9es \u00e0 caract\u00e8re personnel sont trait\u00e9es exclusivement par :<br \/><br \/><br \/><\/p><ul><li style=\"list-style-type: none;\"><ul><li><div>les personnes autoris\u00e9es par le responsable du traitement \u00e0 traiter les donn\u00e9es personnelles, qui se sont engag\u00e9es \u00e0 respecter la confidentialit\u00e9 ou qui sont soumises \u00e0 une obligation l\u00e9gale de confidentialit\u00e9 ;<\/div><\/li><li><div>les sujets qui op\u00e8rent ind\u00e9pendamment en tant que responsables distincts du traitement des donn\u00e9es ou par des sujets d\u00e9sign\u00e9s comme responsables du traitement des donn\u00e9es par le Responsable du traitement des donn\u00e9es afin d'effectuer toutes les activit\u00e9s de traitement n\u00e9cessaires \u00e0 la poursuite des objectifs \u00e9nonc\u00e9s dans la pr\u00e9sente politique (par exemple, les partenaires commerciaux, les consultants, les soci\u00e9t\u00e9s informatiques, les fournisseurs de services, les fournisseurs d'h\u00e9bergement) ;<\/div><\/li><\/ul><\/li><\/ul><p>\u00a0<\/p><ul><li><div>les sujets ou organismes auxquels il est obligatoire de communiquer des donn\u00e9es personnelles en vertu de la loi ou sur ordre des autorit\u00e9s.<\/div><\/li><\/ul><p><br \/>Les sujets \u00e9num\u00e9r\u00e9s ci-dessus sont tenus d'utiliser des mesures et des garanties appropri\u00e9es pour prot\u00e9ger les donn\u00e9es personnelles et ne peuvent acc\u00e9der qu'aux donn\u00e9es n\u00e9cessaires \u00e0 l'exercice de leurs fonctions.<br \/>Les donn\u00e9es personnelles ne seront en aucun cas partag\u00e9es de mani\u00e8re indiscrimin\u00e9e.<\/p><h5>Lieu<\/h5><p>Les donn\u00e9es personnelles ne seront pas transf\u00e9r\u00e9es en dehors du territoire de l'Espace \u00e9conomique europ\u00e9en (EEE).<\/p><h5><strong>P\u00e9riode de conservation des donn\u00e9es \u00e0 caract\u00e8re personnel<\/strong><\/h5><p>Les donn\u00e9es \u00e0 caract\u00e8re personnel sont conserv\u00e9es pendant la p\u00e9riode n\u00e9cessaire \u00e0 la r\u00e9alisation des objectifs pour lesquels elles ont \u00e9t\u00e9 collect\u00e9es. En particulier:<br \/><br \/><br \/><\/p><ul><li style=\"list-style-type: none;\"><ul><li><div>pour les finalit\u00e9s li\u00e9es \u00e0 l'ex\u00e9cution du contrat entre le Responsable du traitement et la Personne concern\u00e9e, elles seront conserv\u00e9es pendant toute la dur\u00e9e de la relation contractuelle et, apr\u00e8s r\u00e9siliation, pendant le d\u00e9lai de prescription ordinaire de 10 ans. En cas de litige, pendant toute la dur\u00e9e de ce litige, jusqu'\u00e0 l'expiration du d\u00e9lai de recours<\/div><\/li><\/ul><\/li><\/ul><p>\u00a0<\/p><ul><li style=\"list-style-type: none;\"><ul><li><div>\u00e0 des fins li\u00e9es aux int\u00e9r\u00eats l\u00e9gitimes du responsable du traitement, elles seront conserv\u00e9es jusqu'\u00e0 la r\u00e9alisation de ces int\u00e9r\u00eats<\/div><\/li><\/ul><\/li><\/ul><p>\u00a0<\/p><ul><li style=\"list-style-type: none;\"><ul><li><div>dans le cadre d'obligations l\u00e9gales, sur ordre d'une autorit\u00e9 et \u00e0 des fins de protection juridique, elles seront conserv\u00e9es selon les d\u00e9lais pertinents pr\u00e9vus par ces obligations, r\u00e9glementations et, en tout \u00e9tat de cause, jusqu'\u00e0 l'expiration de la dur\u00e9e de prescription pr\u00e9vue par les r\u00e8gles en vigueur<\/div><\/li><\/ul><\/li><\/ul><p>\u00a0<\/p><ul><li><div>pour les finalit\u00e9s fond\u00e9es sur le consentement de la personne concern\u00e9e, elles seront conserv\u00e9es jusqu'\u00e0 ce que le consentement soit r\u00e9voqu\u00e9.<\/div><\/li><\/ul><p><br \/>\u00c0 la fin de la p\u00e9riode de conservation, toutes les donn\u00e9es personnelles seront supprim\u00e9es ou stock\u00e9es sous une forme ne permettant pas l'identification de la personne concern\u00e9e.<\/p><h5><strong>Droits de la personne concern\u00e9e<\/strong><\/h5><p>Les personnes concern\u00e9es peuvent exercer des droits sp\u00e9cifiques concernant les donn\u00e9es \u00e0 caract\u00e8re personnel trait\u00e9es par le contr\u00f4leur des donn\u00e9es. En particulier, la personne concern\u00e9e a le droit de :<br \/><br \/><br \/><\/p><ul><li><div>d'\u00eatre inform\u00e9e du traitement de ses donn\u00e9es personnelles<\/div><\/li><li><div>de retirer son consentement \u00e0 tout moment<\/div><\/li><li><div>de restreindre le traitement de ses donn\u00e9es personnelles<\/div><\/li><li><div>de s'opposer au traitement de ses donn\u00e9es personnelles<\/div><\/li><li><div>d'acc\u00e9der \u00e0 ses donn\u00e9es personnelles<\/div><\/li><li><div>v\u00e9rifier et demander la rectification de ses donn\u00e9es personnelles<\/div><\/li><li><div>limiter le traitement de vos donn\u00e9es personnelles<\/div><\/li><li><div>obtenir l'effacement de ses donn\u00e9es \u00e0 caract\u00e8re personnel<\/div><\/li><li><div>transf\u00e9rer ses donn\u00e9es \u00e0 caract\u00e8re personnel \u00e0 un autre responsable du traitement<\/div><\/li><li><div>d\u00e9poser une plainte aupr\u00e8s de l'autorit\u00e9 de contr\u00f4le de la protection des donn\u00e9es personnelles et\/ou intenter une action en justice.<\/div><\/li><\/ul><p><br \/>Pour exercer leurs droits, les personnes concern\u00e9es peuvent envoyer une demande \u00e0 l'adresse \u00e9lectronique suivante :\u00a0<a title=\"mailto:privacy@starbottle.space\" href=\"mailto:privacy@starbottle.space\"><span style=\"color: white; text-decoration: underline;\">privacy@starbottle.space<\/span><\/a>Les demandes seront imm\u00e9diatement trait\u00e9es par le responsable du traitement et dans les meilleurs d\u00e9lais, en tout \u00e9tat de cause dans les 30 jours.<\/p><h5><strong>D\u00e9l\u00e9gu\u00e9 \u00e0 la protection des donn\u00e9es<\/strong><\/h5><p>Le d\u00e9l\u00e9gu\u00e9 \u00e0 la protection des donn\u00e9es est Giovanna Emanuela Bovani, Via Aurelia 78 A 16038 Santa Margherita Ligure (GE), code fiscal BVNGNN56E51G186M, e-mail\u00a0<a title=\"mailto:amministrazione@nextcomitaly.com\" href=\"mailto:amministrazione@nextcomitaly.com\"><span style=\"color: white; text-decoration: underline;\">amministrazione@nextcomitaly.com<\/span><\/a>, .<br \/><br \/><br \/>Derni\u00e8re mise \u00e0 jour : 27\/01\/2023<\/p>\t\t\t\t\t\t\t\t<\/div>\n\t\t\t\t<\/div>\n\t\t\t\t<\/div>\n\t\t\t\t<\/div>\n\t\t\t\t<\/div>","protected":false},"excerpt":{"rendered":"<p>INFORMATIVA DELLA PRIVACY Il presente documento ha lo scopo di informare la persona fisica (di seguito \u201cInteressato\u201d) sul trattamento dei suoi dati personali (di seguito \u201cDati Personali\u201d) raccolti dal titolare del trattamento, Nextcom s.r.l., con sede legale in Via Paolo Bassi 29, 20135 Milano, Codice Fiscale\/Partita IVA 06026720968, REA MI-1865810, indirizzo e-mail\u00a0privacy@starbottle.space, (di seguito \u201cTitolare [&hellip;]<\/p>\n","protected":false},"author":1,"featured_media":0,"parent":0,"menu_order":0,"comment_status":"closed","ping_status":"closed","template":"","meta":{"_acf_changed":false,"footnotes":""},"class_list":["post-2630","page","type-page","status-publish","hentry"],"acf":[],"_links":{"self":[{"href":"https:\/\/starbottle.space\/fr\/wp-json\/wp\/v2\/pages\/2630","targetHints":{"allow":["GET"]}}],"collection":[{"href":"https:\/\/starbottle.space\/fr\/wp-json\/wp\/v2\/pages"}],"about":[{"href":"https:\/\/starbottle.space\/fr\/wp-json\/wp\/v2\/types\/page"}],"author":[{"embeddable":true,"href":"https:\/\/starbottle.space\/fr\/wp-json\/wp\/v2\/users\/1"}],"replies":[{"embeddable":true,"href":"https:\/\/starbottle.space\/fr\/wp-json\/wp\/v2\/comments?post=2630"}],"version-history":[{"count":28,"href":"https:\/\/starbottle.space\/fr\/wp-json\/wp\/v2\/pages\/2630\/revisions"}],"predecessor-version":[{"id":6292,"href":"https:\/\/starbottle.space\/fr\/wp-json\/wp\/v2\/pages\/2630\/revisions\/6292"}],"wp:attachment":[{"href":"https:\/\/starbottle.space\/fr\/wp-json\/wp\/v2\/media?parent=2630"}],"curies":[{"name":"wp","href":"https:\/\/api.w.org\/{rel}","templated":true}]}}