{"id":2632,"date":"2024-05-23T10:48:40","date_gmt":"2024-05-23T10:48:40","guid":{"rendered":"https:\/\/starbottle.seppiastaging.it\/?page_id=2632"},"modified":"2024-06-18T13:36:53","modified_gmt":"2024-06-18T13:36:53","slug":"esclusione-di-responsabilita","status":"publish","type":"page","link":"https:\/\/starbottle.space\/es\/descargo-de-responsabilidad\/","title":{"rendered":"Exclusi\u00f3n de responsabilidad"},"content":{"rendered":"<div data-elementor-type=\"wp-page\" data-elementor-id=\"2632\" class=\"elementor elementor-2632\" data-elementor-post-type=\"page\">\n\t\t\t\t<div class=\"elementor-element elementor-element-420063c0 e-con-full e-flex e-con e-parent\" data-id=\"420063c0\" data-element_type=\"container\" data-e-type=\"container\" data-settings=\"{&quot;background_background&quot;:&quot;classic&quot;}\">\n\t\t<div class=\"elementor-element elementor-element-4b39d854 e-con-full animated-slow e-flex elementor-invisible e-con e-child\" data-id=\"4b39d854\" data-element_type=\"container\" data-e-type=\"container\" data-settings=\"{&quot;animation&quot;:&quot;fadeIn&quot;}\">\n\t\t\t\t<div class=\"elementor-element elementor-element-7acdb49f elementor-widget elementor-widget-text-editor\" data-id=\"7acdb49f\" data-element_type=\"widget\" data-e-type=\"widget\" data-widget_type=\"text-editor.default\">\n\t\t\t\t<div class=\"elementor-widget-container\">\n\t\t\t\t\t\t\t\t\t<p>EXCLUSI\u00d3N DE RESPONSABILIDAD<\/p>\t\t\t\t\t\t\t\t<\/div>\n\t\t\t\t<\/div>\n\t\t\t\t<\/div>\n\t\t<div class=\"elementor-element elementor-element-136c5c99 e-con-full animated-slow e-flex elementor-invisible e-con e-child\" data-id=\"136c5c99\" data-element_type=\"container\" data-e-type=\"container\" data-settings=\"{&quot;animation&quot;:&quot;fadeIn&quot;}\">\n\t\t\t\t<div class=\"elementor-element elementor-element-2c3199d0 elementor-widget elementor-widget-text-editor\" data-id=\"2c3199d0\" data-element_type=\"widget\" data-e-type=\"widget\" data-widget_type=\"text-editor.default\">\n\t\t\t\t<div class=\"elementor-widget-container\">\n\t\t\t\t\t\t\t\t\tTodos los contenidos se publican bajo licencia Creative Commons, salvo que se indique lo contrario. El editor no asume ninguna responsabilidad por los errores u omisiones contenidos en los art\u00edculos o errores o inexactitudes que puedan haberse producido en su reproducci\u00f3n en el sitio, que se ha definido y, en la medida de lo posible, se gestionar\u00e1 aplicando todo el equilibrio t\u00e9cnico posible y adoptando la instrumentaci\u00f3n adecuada para asegurar el correcto y continuo funcionamiento de los mismos. Sin embargo, incluso en relaci\u00f3n con el estado actual de los conocimientos y la tecnolog\u00eda, el editor no puede descartar la aparici\u00f3n de mal funcionamiento ocasional y\/o defectos de transmisi\u00f3n. Algunas fotograf\u00edas presentes se encontraron parcialmente en la web y, por lo tanto, se consideran de dominio p\u00fablico. Si los sujetos o los autores est\u00e1n en contra de la publicaci\u00f3n, se puede solicitar la eliminaci\u00f3n escribiendo a la direcci\u00f3n de correo electr\u00f3nico de la editorial antes mencionada.\n<br>\n<br>\nEn consecuencia, al acceder al sitio, el lector acepta lo siguiente (como expresi\u00f3n de las condiciones establecidas por el editor):\n<ol>\n \t<li>\n<div>las p\u00e1ginas o fracciones de ellas podr\u00edan ser temporalmente inaccesibles, debido a mal funcionamiento y\/o defectos de conexi\u00f3n o, en cualquier caso, a eventos fuera del control del editor;<\/div><\/li>\n \t<li>\n<div>el editor, salvo que se especifique lo contrario, no tiene control sobre la naturaleza o el contenido de la informaci\u00f3n de los programas\/contenidos transmitidos o recibidos por el lector que usa el sitio, ni examina de ninguna manera c\u00f3mo se usa el sitio;<\/div><\/li>\n \t<li>\n<div>el editor no es responsable por el material utilizado y\/o la conducta de los lectores durante la navegaci\u00f3n por el sitio;<\/div><\/li>\n \t<li>\n<div>el editor no asume ninguna responsabilidad por la transmisi\u00f3n a la computadora del lector de cualquier virus y\/o contenido da\u00f1ino proveniente de terceros.<\/div><\/li>\n<\/ol>\n<br>\nAl consultar el sitio, el lector se compromete a:\n<ol>\n \t<li>\n<div>no utilizar el material publicado para perseguir fines ilegales o como herramienta para divulgar o difundir de cualquier forma material o contenido destinado a la comisi\u00f3n de actividades ilegales;<\/div><\/li>\n \t<li>\n<div>no utilizar el sitio o parte de \u00e9l o las p\u00e1ginas vinculadas a \u00e9l para la transmisi\u00f3n o colocaci\u00f3n de virus o cualquier otro material difamatorio, ofensivo, obsceno, amenazante, que de cualquier manera pueda crear molestia, perturbaci\u00f3n o cualquier perjuicio y en cualquier caso contrario al ordenamiento jur\u00eddico;<\/div><\/li>\n \t<li>\n<div>no usar el sitio o parte de \u00e9l o las p\u00e1ginas vinculadas a \u00e9l de tal manera que constituya una infracci\u00f3n de personas o empresas, incluidos, a modo de ejemplo, pero sin limitarse a, los derechos de autor o de privacidad;<\/div><\/li>\n \t<li>\n<div>no utilizar el sitio o parte de \u00e9l o las p\u00e1ginas vinculadas a \u00e9l para transmitir material con fines publicitarios y\/o promocionales sin el permiso por escrito del editor.<\/div><\/li>\n<\/ol>\n<br>\nTodas las publicaciones se realizan sin ninguna protecci\u00f3n de patente, a excepci\u00f3n de los art\u00edculos que llevan la especificaci\u00f3n \"reproducci\u00f3n reservada\" en la parte inferior; adem\u00e1s, los nombres amparados por cualquier marca registrada se utilizan sin tenerlos en cuenta. Los manuscritos, correos electr\u00f3nicos, archivos, documentos, fotos, dibujos y\/u otro material enviado a la redacci\u00f3n por cualquier medio, aunque no est\u00e9n publicados, en ning\u00fan caso ser\u00e1n devueltos. De conformidad y para los efectos del art. 5 L. 633\/1941 y posteriores modificaciones e integraciones, los textos de los actos oficiales del Estado y de la Administraci\u00f3n P\u00fablica, tanto italiana como extranjera, no est\u00e1n cubiertos por derechos de autor. Todos los textos de las medidas publicados, incluso a trav\u00e9s de enlaces, no son oficiales; por lo tanto, declinamos toda responsabilidad por cualquier inexactitud. Los art\u00edculos firmados no vinculan a la revista, sino \u00fanicamente al autor indicado. Los art\u00edculos y\/o documentos que contengan indicaci\u00f3n de la fuente de origen se reportan completos, por lo que el autor debe entenderse como la misma fuente de origen; de ello se deduce que el contenido de tales art\u00edculos y\/o documentos no vincula a este peri\u00f3dico, sino al albacea real. La editorial se reserva el derecho de modificar y\/o eliminar cualquier tipo de informaci\u00f3n y\/o contenido mostrado en este sitio, en cualquier momento y sin previo aviso o condici\u00f3n. La tecnolog\u00eda del motor de b\u00fasqueda de Google (principal fuente de informaci\u00f3n utilizada por este peri\u00f3dico) produce autom\u00e1ticamente resultados de b\u00fasqueda que referencian informaci\u00f3n distribuida en todo el mundo y accesible a trav\u00e9s de Internet. El editor no tiene control sobre esta informaci\u00f3n, no ofrece ninguna garant\u00eda sobre ella y, en particular, sobre su exactitud, contenido o calidad. El editor tampoco es responsable si los resultados de una b\u00fasqueda conducen a la consulta de informaci\u00f3n considerada no deseada o inconsistente con el prop\u00f3sito de la b\u00fasqueda.\t\t\t\t\t\t\t\t<\/div>\n\t\t\t\t<\/div>\n\t\t\t\t<\/div>\n\t\t\t\t<\/div>\n\t\t\t\t<\/div>","protected":false},"excerpt":{"rendered":"<p>ESCLUSIONE DI RESPONSABILIT\u00c0 Tutti i contenuti sono pubblicati con licenza Creative Commons, salvo diversa indicazione. L&#8217;editore non si assume alcuna responsabilit\u00e0 per eventuali errori od omissioni contenuti negli articoli o per errori o imprecisioni che possano essersi verificati nella loro riproduzione sul sito, che \u00e8 stato definito e, per quanto possibile, sar\u00e0 gestito applicando ogni [&hellip;]<\/p>\n","protected":false},"author":1,"featured_media":0,"parent":0,"menu_order":0,"comment_status":"closed","ping_status":"closed","template":"","meta":{"_acf_changed":false,"footnotes":""},"class_list":["post-2632","page","type-page","status-publish","hentry"],"acf":[],"_links":{"self":[{"href":"https:\/\/starbottle.space\/es\/wp-json\/wp\/v2\/pages\/2632","targetHints":{"allow":["GET"]}}],"collection":[{"href":"https:\/\/starbottle.space\/es\/wp-json\/wp\/v2\/pages"}],"about":[{"href":"https:\/\/starbottle.space\/es\/wp-json\/wp\/v2\/types\/page"}],"author":[{"embeddable":true,"href":"https:\/\/starbottle.space\/es\/wp-json\/wp\/v2\/users\/1"}],"replies":[{"embeddable":true,"href":"https:\/\/starbottle.space\/es\/wp-json\/wp\/v2\/comments?post=2632"}],"version-history":[{"count":7,"href":"https:\/\/starbottle.space\/es\/wp-json\/wp\/v2\/pages\/2632\/revisions"}],"predecessor-version":[{"id":5038,"href":"https:\/\/starbottle.space\/es\/wp-json\/wp\/v2\/pages\/2632\/revisions\/5038"}],"wp:attachment":[{"href":"https:\/\/starbottle.space\/es\/wp-json\/wp\/v2\/media?parent=2632"}],"curies":[{"name":"wp","href":"https:\/\/api.w.org\/{rel}","templated":true}]}}