{"id":2630,"date":"2024-05-23T10:48:26","date_gmt":"2024-05-23T10:48:26","guid":{"rendered":"https:\/\/starbottle.seppiastaging.it\/?page_id=2630"},"modified":"2024-06-20T10:15:45","modified_gmt":"2024-06-20T10:15:45","slug":"informativa-sulla-privacy","status":"publish","type":"page","link":"https:\/\/starbottle.space\/es\/politica-de-privacidad\/","title":{"rendered":"Informaci\u00f3n sobre privacidad"},"content":{"rendered":"<div data-elementor-type=\"wp-page\" data-elementor-id=\"2630\" class=\"elementor elementor-2630\" data-elementor-post-type=\"page\">\n\t\t\t\t<div class=\"elementor-element elementor-element-b8b5e9a e-con-full e-flex e-con e-parent\" data-id=\"b8b5e9a\" data-element_type=\"container\" data-e-type=\"container\" data-settings=\"{&quot;background_background&quot;:&quot;classic&quot;}\">\n\t\t<div class=\"elementor-element elementor-element-4036783f e-con-full animated-slow e-flex elementor-invisible e-con e-child\" data-id=\"4036783f\" data-element_type=\"container\" data-e-type=\"container\" data-settings=\"{&quot;animation&quot;:&quot;fadeIn&quot;}\">\n\t\t\t\t<div class=\"elementor-element elementor-element-7c25205d elementor-widget elementor-widget-text-editor\" data-id=\"7c25205d\" data-element_type=\"widget\" data-e-type=\"widget\" data-widget_type=\"text-editor.default\">\n\t\t\t\t<div class=\"elementor-widget-container\">\n\t\t\t\t\t\t\t\t\t<p>POL\u00cdTICA DE PRIVACIDAD<\/p>\t\t\t\t\t\t\t\t<\/div>\n\t\t\t\t<\/div>\n\t\t\t\t<\/div>\n\t\t<div class=\"elementor-element elementor-element-65cf869f e-con-full animated-slow e-flex elementor-invisible e-con e-child\" data-id=\"65cf869f\" data-element_type=\"container\" data-e-type=\"container\" data-settings=\"{&quot;animation&quot;:&quot;fadeIn&quot;}\">\n\t\t\t\t<div class=\"elementor-element elementor-element-2c6f41e7 elementor-widget elementor-widget-text-editor\" data-id=\"2c6f41e7\" data-element_type=\"widget\" data-e-type=\"widget\" data-widget_type=\"text-editor.default\">\n\t\t\t\t<div class=\"elementor-widget-container\">\n\t\t\t\t\t\t\t\t\t<p>El presente documento tiene por objeto informar a la persona f\u00edsica (en adelante, el \"<strong>Titular<\/strong>\") sobre el tratamiento de sus datos personales (en adelante, los \"<strong>Datos Personales<\/strong>\") recogidos por el responsable del tratamiento, Nextcom s.r.l., con domicilio social en Via Paolo Bassi 29, 20135 Milano, CIF\/IVA n.\u00ba 06026720968, REA MI-1865810, direcci\u00f3n de correo electr\u00f3nico\u00a0<a title=\"mailto:privacy@starbottle.space\" href=\"mailto:privacy@starbottle.space\"><span style=\"color: white; text-decoration: underline;\">privacy@starbottle.space<\/span><\/a>, (en adelante, el \"<strong>Responsable<\/strong>\"), a trav\u00e9s del sitio web\u00a0<a title=\"\/it\" href=\"https:\/\/starbottle.space\/it\"><span style=\"color: white; text-decoration: underline;\">starbottle.espacio<\/span><\/a>\u00a0(en adelante, la \"<strong>Aplicaci\u00f3n<\/strong>\u201d).<br \/><br \/><br \/>Los cambios y actualizaciones entrar\u00e1n en vigor tan pronto como se publiquen en la Aplicaci\u00f3n. En caso de no aceptar los cambios introducidos en la Pol\u00edtica de Privacidad, el Titular de los Datos dejar\u00e1 de utilizar esta Aplicaci\u00f3n y podr\u00e1 solicitar al Responsable del Tratamiento que elimine sus Datos Personales.<\/p><h5><strong>Categor\u00edas de Datos Personales tratados<\/strong><\/h5><p>El Responsable del Tratamiento trata los siguientes tipos de Datos Personales facilitados voluntariamente por el Interesado:<\/p><ul><li><div><strong>Datos de Contacto<\/strong>nombre, apellidos, direcci\u00f3n, direcci\u00f3n de correo electr\u00f3nico, n\u00famero de tel\u00e9fono, fotograf\u00edas, credenciales de autenticaci\u00f3n, cualquier informaci\u00f3n adicional enviada por el Titular de los Datos, etc.<\/div><\/li><\/ul><p><br \/>El Responsable del Tratamiento trata los siguientes tipos de Datos Personales recogidos autom\u00e1ticamente:<\/p><ul><li><div><strong>Datos t\u00e9cnicos\u00a0<\/strong>Datos Personales producidos por dispositivos, aplicaciones, herramientas y protocolos como, por ejemplo, informaci\u00f3n sobre el dispositivo utilizado, direcciones IP, tipo de navegador, tipo de proveedor de Internet (ISP). Estos Datos Personales pueden dejar rastros que, combinados con identificadores \u00fanicos y otra informaci\u00f3n recibida por los servidores, pueden utilizarse para crear perfiles de individuos.<\/div><\/li><li><div><strong>Datos de uso\u00a0<\/strong>como, por ejemplo, p\u00e1ginas visitadas, n\u00famero de clics, acciones realizadas, duraci\u00f3n de las sesiones, etc.<\/div><\/li><\/ul><p><br \/>Si el Titular decide no proporcionar Datos Personales para los que existe una obligaci\u00f3n legal o contractual, o si dichos datos son un requisito necesario para la celebraci\u00f3n del contrato con el Responsable del Tratamiento, ser\u00e1 imposible para el Responsable del Tratamiento establecer o continuar cualquier relaci\u00f3n con el Titular.<br \/><br \/><br \/>El Titular que comunique Datos Personales de terceros al Responsable del Tratamiento es responsable directo y exclusivo de su origen, recogida, tratamiento, comunicaci\u00f3n o divulgaci\u00f3n.<\/p><h5><strong>Cookies y tecnolog\u00edas similares<\/strong><\/h5><p>La Aplicaci\u00f3n utiliza cookies, web beacons, identificadores un\u00edvocos y otras tecnolog\u00edas similares para recoger los Datos Personales del Titular de los Datos en las p\u00e1ginas y enlaces visitados y en otras acciones realizadas durante el uso de la Aplicaci\u00f3n. Estos datos se almacenan y luego se utilizan la pr\u00f3xima vez que el interesado navega por la Aplicaci\u00f3n. La Pol\u00edtica de Cookies completa puede consultarse en la siguiente direcci\u00f3n:\u00a0<a title=\"\/es\/pol\u00edtica-de-cookies\" href=\"https:\/\/starbottle.space\/it\/cookie-policy\"><span style=\"color: white; text-decoration: underline;\">starbottle.space\/es\/pol\u00edtica-de-cookies<\/span><\/a><\/p><h5><strong>Base jur\u00eddica y finalidad del tratamiento de datos<\/strong><\/h5><p>El tratamiento de los Datos Personales es necesario:<br \/><br \/><br \/><\/p><ul><li style=\"list-style-type: none;\"><ul><li style=\"list-style-type: none;\"><ul><li><div><p>para la ejecuci\u00f3n del contrato con el Titular de los Datos y especialmente:<\/p><\/div><p>\u00a0<\/p><div><ul><li style=\"list-style-type: none;\"><ul><li><div><p><strong>el cumplimiento de cualquier obligaci\u00f3n derivada de la relaci\u00f3n precontractual o contractual con el Titular de los datos<\/strong><\/p><\/div><\/li><\/ul><\/li><\/ul><p>\u00a0<\/p><ul><li style=\"list-style-type: none;\"><ul><li><div><p><strong>registro y autenticaci\u00f3n del Titular de los datos:<\/strong>\u00a0para permitir que el Titular de los datos se registre en la Aplicaci\u00f3n, acceda a ella y se identifique en ella, tambi\u00e9n a trav\u00e9s de plataformas externas<\/p><\/div><\/li><\/ul><\/li><\/ul><p>\u00a0<\/p><ul><li><div><p><strong>asistencia y contacto con el interesado:<\/strong>\u00a0responder a las solicitudes del interesado<\/p><\/div><\/li><\/ul><\/div><\/li><\/ul><\/li><\/ul><p>\u00a0<\/p><ul><li style=\"list-style-type: none;\"><ul><li><div><p>el cumplimiento de obligaciones legales y, en especial:<\/p><\/div><p>\u00a0<\/p><div><ul><li><div><p><strong>el cumplimiento de cualquier obligaci\u00f3n prevista por las normas, leyes y reglamentos aplicables,\u00a0<\/strong>en particular, en materia fiscal y tributaria<\/p><\/div><\/li><\/ul><\/div><\/li><\/ul><\/li><\/ul><p>\u00a0<\/p><ul><li style=\"list-style-type: none;\"><ul><li><div><p>por inter\u00e9s leg\u00edtimo del Responsable del Tratamiento, para:<\/p><\/div><p>\u00a0<\/p><div><ul><li style=\"list-style-type: none;\"><ul><li><div><p><strong>fines de marketing por correo electr\u00f3nico de productos y\/o servicios del Controlador de datos<\/strong>\u00a0para vender directamente los productos o servicios del Controlador de datos utilizando el correo electr\u00f3nico proporcionado por el Titular de los datos en el contexto de la venta de un producto o servicio similar al que se vende<\/p><\/div><\/li><\/ul><\/li><\/ul><p>\u00a0<\/p><ul><li><div><p><strong>estad\u00edsticas basadas en datos an\u00f3nimos:\u00a0<\/strong>para llevar a cabo an\u00e1lisis estad\u00edsticos sobre datos agregados y an\u00f3nimos con el fin de analizar comportamientos del Titular de los datos para mejorar los productos y\/o servicios proporcionados por el Responsable del tratamiento y satisfacer mejor las expectativas del Titular de los datos<\/p><\/div><\/li><\/ul><\/div><\/li><\/ul><\/li><\/ul><p>\u00a0<\/p><ul><li><div><p>sobre la base del consentimiento del interesado, para:<\/p><\/div><p>\u00a0<\/p><div><ul><li style=\"list-style-type: none;\"><ul><li><div><p><strong>perfilar al Titular de los Datos con fines de marketing:<\/strong>\u00a0para proporcionar al Titular de los Datos informaci\u00f3n sobre los productos y\/o servicios del Responsable del Tratamiento mediante un tratamiento automatizado dise\u00f1ado para recopilar informaci\u00f3n personal con el fin de predecir o evaluar las preferencias o comportamientos del Titular de los Datos<\/p><\/div><\/li><\/ul><\/li><\/ul><p>\u00a0<\/p><ul><li style=\"list-style-type: none;\"><ul><li><div><p><strong>retargeting y remarketing:\u00a0<\/strong>para llegar con una publicidad personalizada al Titular que ya ha visitado o mostrado inter\u00e9s en los productos y\/o servicios ofrecidos por la Aplicaci\u00f3n utilizando sus Datos Personales. El interesado puede optar por no participar visitando la p\u00e1gina\u00a0<a title=\"https:\/\/optout.networkadvertising.org\/?c=1\" href=\"https:\/\/optout.networkadvertising.org\/?c=1\" target=\"_blank\" rel=\"noopener\"><u><span style=\"color: white; text-decoration: underline;\">Iniciativa de Publicidad en Red p\u00e1gina<\/span><\/u><\/a><\/p><\/div><\/li><\/ul><\/li><\/ul><p>\u00a0<\/p><ul><li><div><p><strong>fines de marketing de los productos y\/o servicios del Responsable del Tratamiento:\u00a0<\/strong>enviar informaci\u00f3n o material comercial y\/o promocional, realizar actividades de venta directa de los productos y\/o servicios del Responsable del Tratamiento o llevar a cabo estudios de mercado con m\u00e9todos automatizados y tradicionales.<\/p><\/div><\/li><\/ul><\/div><\/li><\/ul><\/li><\/ul><p><br \/>Los datos personales del interesado tambi\u00e9n podr\u00e1n ser utilizados por el responsable del tratamiento para protegerse en procedimientos judiciales ante los tribunales competentes.<\/p><h5><strong>Modalidades de tratamiento y destinatarios de los Datos Personales<\/strong><\/h5><p>El tratamiento de los Datos Personales se lleva a cabo mediante instrumentos en papel e inform\u00e1ticos con m\u00e9todos organizativos y l\u00f3gicos estrictamente relacionados con los fines declarados y adoptando medidas de seguridad adecuadas.<br \/>Los Datos Personales son tratados exclusivamente por:<br \/><br \/><br \/><\/p><ul><li style=\"list-style-type: none;\"><ul><li><div>personas autorizadas por el Controlador de Datos para procesar Datos Personales que se han comprometido a la confidencialidad o tienen una obligaci\u00f3n legal apropiada de confidencialidad;<\/div><\/li><li><div>sujetos que operan de forma independiente como controladores de datos separados o por sujetos designados como procesadores de datos por el Controlador de Datos para llevar a cabo todas las actividades de procesamiento necesarias para perseguir los fines establecidos en esta pol\u00edtica (por ejemplo, socios comerciales, consultores, empresas de TI, proveedores de servicios, proveedores de alojamiento);<\/div><\/li><\/ul><\/li><\/ul><p>\u00a0<\/p><ul><li><div>sujetos u organismos a los que sea obligatorio comunicar Datos Personales por ley o por orden de las autoridades.<\/div><\/li><\/ul><p><br \/>Los sujetos mencionados anteriormente est\u00e1n obligados a utilizar las medidas y garant\u00edas adecuadas para proteger los Datos Personales y s\u00f3lo podr\u00e1n acceder a los datos necesarios para el desempe\u00f1o de sus funciones.<br \/>Los Datos Personales no se compartir\u00e1n indiscriminadamente de ninguna manera.<\/p><h5>Lugar<\/h5><p>Los Datos Personales no se transferir\u00e1n fuera del territorio del Espacio Econ\u00f3mico Europeo (EEE).<\/p><h5><strong>Per\u00edodo de almacenamiento de los Datos Personales<\/strong><\/h5><p>Los Datos Personales se almacenar\u00e1n durante el periodo de tiempo necesario para cumplir los fines para los que se recopilaron. En particular:<br \/><br \/><br \/><\/p><ul><li style=\"list-style-type: none;\"><ul><li><div>para fines relacionados con la ejecuci\u00f3n del contrato entre el Responsable del Tratamiento y el Interesado, se almacenar\u00e1n durante toda la duraci\u00f3n de la relaci\u00f3n contractual y, tras su finalizaci\u00f3n, durante el plazo ordinario de prescripci\u00f3n de 10 a\u00f1os. en caso de litigio, durante toda la duraci\u00f3n del mismo, hasta que haya expirado el plazo de recurso<\/div><\/li><\/ul><\/li><\/ul><p>\u00a0<\/p><ul><li style=\"list-style-type: none;\"><ul><li><div>para fines relacionados con intereses leg\u00edtimos del Responsable del Tratamiento, se conservar\u00e1n hasta el cumplimiento de dicho inter\u00e9s<\/div><\/li><\/ul><\/li><\/ul><p>\u00a0<\/p><ul><li style=\"list-style-type: none;\"><ul><li><div>en cumplimiento de obligaciones legales, por orden de una autoridad y para la protecci\u00f3n jur\u00eddica, se conservar\u00e1n seg\u00fan los plazos pertinentes previstos por dichas obligaciones, normativas y, en cualquier caso, hasta la expiraci\u00f3n del plazo prescriptivo previsto por la normativa vigente<\/div><\/li><\/ul><\/li><\/ul><p>\u00a0<\/p><ul><li><div>para finalidades basadas en el consentimiento del Titular, se conservar\u00e1n hasta la revocaci\u00f3n del consentimiento<\/div><\/li><\/ul><p><br \/>Al finalizar el plazo de conservaci\u00f3n, todos los Datos Personales ser\u00e1n suprimidos o almacenados en una forma que no permita la identificaci\u00f3n del Titular.<\/p><h5><strong>Derechos del interesado<\/strong><\/h5><p>Los interesados pueden ejercer derechos espec\u00edficos en relaci\u00f3n con los datos personales tratados por el responsable del tratamiento. En particular, el interesado tiene derecho a:<br \/><br \/><br \/><\/p><ul><li><div>ser informado sobre el tratamiento de sus Datos Personales<\/div><\/li><li><div>retirar su consentimiento en cualquier momento<\/div><\/li><li><div>limitar el tratamiento de sus datos personales<\/div><\/li><li><div>oponerse al tratamiento de sus datos personales<\/div><\/li><li><div>acceder a sus datos personales<\/div><\/li><li><div>verificar y solicitar la rectificaci\u00f3n de sus datos personales restringir el tratamiento de sus datos personales<\/div><\/li><li><div>limitar el tratamiento de sus datos personales<\/div><\/li><li><div>obtener la supresi\u00f3n de sus datos personales<\/div><\/li><li><div>transferir sus datos personales a otro responsable del tratamiento<\/div><\/li><li><div>presentar una reclamaci\u00f3n ante la autoridad de control de protecci\u00f3n de datos personales y\/o emprender acciones legales.<\/div><\/li><\/ul><p><br \/>Para ejercer sus derechos, los interesados pueden enviar una solicitud a la siguiente direcci\u00f3n de correo electr\u00f3nico:\u00a0<a title=\"mailto:privacy@starbottle.space\" href=\"mailto:privacy@starbottle.space\"><span style=\"color: white; text-decoration: underline;\">privacy@starbottle.space<\/span><\/a>Las solicitudes ser\u00e1n tratadas inmediatamente por el Responsable del Tratamiento y tramitadas lo antes posible, en cualquier caso en un plazo de 30 d\u00edas.<\/p><h5><strong>Responsable de la protecci\u00f3n de datos<\/strong><\/h5><p>El responsable de la protecci\u00f3n de datos es Giovanna Emanuela Bovani, Via Aurelia 78 A 16038 Santa Margherita Ligure (GE), C\u00f3digo fiscal BVNGNN56E51G186M, correo electr\u00f3nico\u00a0<a title=\"mailto:amministrazione@nextcomitaly.com\" href=\"mailto:amministrazione@nextcomitaly.com\"><span style=\"color: white; text-decoration: underline;\">amministrazione@nextcomitaly.com<\/span><\/a>, .<br \/><br \/><br \/>\u00daltima actualizaci\u00f3n: 27\/01\/2023<\/p>\t\t\t\t\t\t\t\t<\/div>\n\t\t\t\t<\/div>\n\t\t\t\t<\/div>\n\t\t\t\t<\/div>\n\t\t\t\t<\/div>","protected":false},"excerpt":{"rendered":"<p>INFORMATIVA DELLA PRIVACY Il presente documento ha lo scopo di informare la persona fisica (di seguito \u201cInteressato\u201d) sul trattamento dei suoi dati personali (di seguito \u201cDati Personali\u201d) raccolti dal titolare del trattamento, Nextcom s.r.l., con sede legale in Via Paolo Bassi 29, 20135 Milano, Codice Fiscale\/Partita IVA 06026720968, REA MI-1865810, indirizzo e-mail\u00a0privacy@starbottle.space, (di seguito \u201cTitolare [&hellip;]<\/p>\n","protected":false},"author":1,"featured_media":0,"parent":0,"menu_order":0,"comment_status":"closed","ping_status":"closed","template":"","meta":{"_acf_changed":false,"footnotes":""},"class_list":["post-2630","page","type-page","status-publish","hentry"],"acf":[],"_links":{"self":[{"href":"https:\/\/starbottle.space\/es\/wp-json\/wp\/v2\/pages\/2630","targetHints":{"allow":["GET"]}}],"collection":[{"href":"https:\/\/starbottle.space\/es\/wp-json\/wp\/v2\/pages"}],"about":[{"href":"https:\/\/starbottle.space\/es\/wp-json\/wp\/v2\/types\/page"}],"author":[{"embeddable":true,"href":"https:\/\/starbottle.space\/es\/wp-json\/wp\/v2\/users\/1"}],"replies":[{"embeddable":true,"href":"https:\/\/starbottle.space\/es\/wp-json\/wp\/v2\/comments?post=2630"}],"version-history":[{"count":28,"href":"https:\/\/starbottle.space\/es\/wp-json\/wp\/v2\/pages\/2630\/revisions"}],"predecessor-version":[{"id":6292,"href":"https:\/\/starbottle.space\/es\/wp-json\/wp\/v2\/pages\/2630\/revisions\/6292"}],"wp:attachment":[{"href":"https:\/\/starbottle.space\/es\/wp-json\/wp\/v2\/media?parent=2630"}],"curies":[{"name":"wp","href":"https:\/\/api.w.org\/{rel}","templated":true}]}}