{"id":2632,"date":"2024-05-23T10:48:40","date_gmt":"2024-05-23T10:48:40","guid":{"rendered":"https:\/\/starbottle.seppiastaging.it\/?page_id=2632"},"modified":"2024-06-18T13:36:53","modified_gmt":"2024-06-18T13:36:53","slug":"esclusione-di-responsabilita","status":"publish","type":"page","link":"https:\/\/starbottle.space\/de\/haftungsausschluss\/","title":{"rendered":"HAFTUNGSAUSSCHLUSS"},"content":{"rendered":"<div data-elementor-type=\"wp-page\" data-elementor-id=\"2632\" class=\"elementor elementor-2632\" data-elementor-post-type=\"page\">\n\t\t\t\t<div class=\"elementor-element elementor-element-420063c0 e-con-full e-flex e-con e-parent\" data-id=\"420063c0\" data-element_type=\"container\" data-e-type=\"container\" data-settings=\"{&quot;background_background&quot;:&quot;classic&quot;}\">\n\t\t<div class=\"elementor-element elementor-element-4b39d854 e-con-full animated-slow e-flex elementor-invisible e-con e-child\" data-id=\"4b39d854\" data-element_type=\"container\" data-e-type=\"container\" data-settings=\"{&quot;animation&quot;:&quot;fadeIn&quot;}\">\n\t\t\t\t<div class=\"elementor-element elementor-element-7acdb49f elementor-widget elementor-widget-text-editor\" data-id=\"7acdb49f\" data-element_type=\"widget\" data-e-type=\"widget\" data-widget_type=\"text-editor.default\">\n\t\t\t\t<div class=\"elementor-widget-container\">\n\t\t\t\t\t\t\t\t\t<p>HAFTUNGSAUSSCHLUSS<\/p>\t\t\t\t\t\t\t\t<\/div>\n\t\t\t\t<\/div>\n\t\t\t\t<\/div>\n\t\t<div class=\"elementor-element elementor-element-136c5c99 e-con-full animated-slow e-flex elementor-invisible e-con e-child\" data-id=\"136c5c99\" data-element_type=\"container\" data-e-type=\"container\" data-settings=\"{&quot;animation&quot;:&quot;fadeIn&quot;}\">\n\t\t\t\t<div class=\"elementor-element elementor-element-2c3199d0 elementor-widget elementor-widget-text-editor\" data-id=\"2c3199d0\" data-element_type=\"widget\" data-e-type=\"widget\" data-widget_type=\"text-editor.default\">\n\t\t\t\t<div class=\"elementor-widget-container\">\n\t\t\t\t\t\t\t\t\tAlle Inhalte werden unter der Creative Commons-Lizenz ver\u00f6ffentlicht, sofern nicht anders angegeben. Der Herausgeber \u00fcbernimmt keine Haftung f\u00fcr etwaige Fehler oder Auslassungen in den Artikeln oder f\u00fcr Fehler oder Ungenauigkeiten, die bei der Wiedergabe auf der Website aufgetreten sind. Die Website wurde eingerichtet und wird, soweit m\u00f6glich, aufrechterhalten, indem jedes m\u00f6gliche technische Gleichgewicht angewandt und die geeigneten Instrumente eingesetzt werden, um ihren korrekten und kontinuierlichen Betrieb zu gew\u00e4hrleisten. Der Herausgeber kann jedoch auch in Bezug auf den aktuellen Stand des Wissens und der Technologie das Auftreten gelegentlicher Funktionsst\u00f6rungen und\/oder \u00dcbertragungsfehler nicht ausschlie\u00dfen. Einige der vorhandenen Fotos wurden teilweise im Internet gefunden und gelten daher als \u00f6ffentlich zug\u00e4nglich. Wenn die Betroffenen oder die Autoren der Ver\u00f6ffentlichung widersprechen, k\u00f6nnen sie die L\u00f6schung beantragen, indem sie sich schriftlich an die E-Mail-Adresse des oben genannten Verlags wenden.\n<br>\n<br>\nInfolgedessen akzeptiert der Leser durch den Zugriff auf die Website Folgendes (als Ausdruck der vom Herausgeber festgelegten Bedingungen):\n<ol>\n \t<li>\n<div>Die Seiten oder Teile davon k\u00f6nnen aufgrund von Funktionsst\u00f6rungen und\/oder Verbindungsfehlern oder aus anderen Gr\u00fcnden, die au\u00dferhalb der Kontrolle des Herausgebers liegen, vor\u00fcbergehend nicht zug\u00e4nglich sein;<\/div><\/li>\n \t<li>\n<div>Der Herausgeber hat, sofern nicht anders angegeben, keine Kontrolle \u00fcber die Art oder den Inhalt der Informationen der Programme\/Inhalte, die vom Leser, der die Website nutzt, \u00fcbertragen oder empfangen werden, noch untersucht er in irgendeiner Weise die Art und Weise, wie die Website genutzt wird.<\/div><\/li>\n \t<li>\n<div>Der Herausgeber ist nicht verantwortlich f\u00fcr das verwendete Material und\/oder das Verhalten der Leser beim Navigieren auf der Website;<\/div><\/li>\n \t<li>\n<div>Der Herausgeber \u00fcbernimmt keine Haftung f\u00fcr die \u00dcbertragung von Viren und\/oder sch\u00e4dlichen Inhalten Dritter auf den Computer des Lesers.<\/div><\/li>\n<\/ol>\n<br>\nDurch den Besuch der Website verpflichtet sich der Leser:\n<ol>\n \t<li>\n<div>das ver\u00f6ffentlichte Material nicht zur Verfolgung rechtswidriger Zwecke oder als Mittel zur Verbreitung oder Weitergabe von Material oder Inhalten zu verwenden, die f\u00fcr die Begehung rechtswidriger Handlungen vorgesehen sind;<\/div><\/li>\n \t<li>\n<div>die Website oder einen Teil davon oder die damit verbundenen Seiten nicht f\u00fcr die \u00dcbertragung oder das Einf\u00fcgen von Viren oder anderem verleumderischen, beleidigenden, obsz\u00f6nen, bedrohlichen Material zu verwenden, das in irgendeiner Weise Unannehmlichkeiten, St\u00f6rungen oder Vorurteile hervorrufen k\u00f6nnte und in jedem Fall gegen die Rechtsordnung verst\u00f6\u00dft;<\/div><\/li>\n \t<li>\n<div>die Website oder einen Teil davon oder die damit verbundenen Seiten nicht in einer Weise zu nutzen, die eine Verletzung von Personen oder Unternehmen darstellt, einschlie\u00dflich, aber nicht beschr\u00e4nkt auf Urheberrechte oder Datenschutzrechte;<\/div><\/li>\n \t<li>\n<div>die Website oder einen Teil davon oder die damit verbundenen Seiten nicht ohne die schriftliche Genehmigung des Herausgebers f\u00fcr die \u00dcbertragung von Material f\u00fcr Werbe- und\/oder Promotionszwecke zu verwenden.<\/div><\/li>\n<\/ol>\n<br>\nDer Verlag beh\u00e4lt sich das Recht vor, jede Art von Informationen und\/oder Inhalten auf dieser Website jederzeit und ohne vorherige Ank\u00fcndigung oder Bedingung zu \u00e4ndern und\/oder zu l\u00f6schen. Die Technologie der Suchmaschine Google (die Hauptquelle f\u00fcr Informationen, die von dieser Zeitschrift verwendet werden) erzeugt automatisch Suchergebnisse, die sich auf Informationen beziehen, die auf der ganzen Welt verteilt und \u00fcber das Internet zug\u00e4nglich sind. Der Herausgeber hat keine Kontrolle \u00fcber diese Informationen und \u00fcbernimmt keine Garantie f\u00fcr ihre Richtigkeit, ihren Inhalt oder ihre Qualit\u00e4t. Der Herausgeber haftet auch nicht, wenn die Ergebnisse einer Suche zur Konsultation von Informationen f\u00fchren, die als unerw\u00fcnscht oder nicht mit dem Zweck der Suche vereinbar angesehen werden.\t\t\t\t\t\t\t\t<\/div>\n\t\t\t\t<\/div>\n\t\t\t\t<\/div>\n\t\t\t\t<\/div>\n\t\t\t\t<\/div>","protected":false},"excerpt":{"rendered":"<p>ESCLUSIONE DI RESPONSABILIT\u00c0 Tutti i contenuti sono pubblicati con licenza Creative Commons, salvo diversa indicazione. L&#8217;editore non si assume alcuna responsabilit\u00e0 per eventuali errori od omissioni contenuti negli articoli o per errori o imprecisioni che possano essersi verificati nella loro riproduzione sul sito, che \u00e8 stato definito e, per quanto possibile, sar\u00e0 gestito applicando ogni [&hellip;]<\/p>\n","protected":false},"author":1,"featured_media":0,"parent":0,"menu_order":0,"comment_status":"closed","ping_status":"closed","template":"","meta":{"_acf_changed":false,"footnotes":""},"class_list":["post-2632","page","type-page","status-publish","hentry"],"acf":[],"_links":{"self":[{"href":"https:\/\/starbottle.space\/de\/wp-json\/wp\/v2\/pages\/2632","targetHints":{"allow":["GET"]}}],"collection":[{"href":"https:\/\/starbottle.space\/de\/wp-json\/wp\/v2\/pages"}],"about":[{"href":"https:\/\/starbottle.space\/de\/wp-json\/wp\/v2\/types\/page"}],"author":[{"embeddable":true,"href":"https:\/\/starbottle.space\/de\/wp-json\/wp\/v2\/users\/1"}],"replies":[{"embeddable":true,"href":"https:\/\/starbottle.space\/de\/wp-json\/wp\/v2\/comments?post=2632"}],"version-history":[{"count":7,"href":"https:\/\/starbottle.space\/de\/wp-json\/wp\/v2\/pages\/2632\/revisions"}],"predecessor-version":[{"id":5038,"href":"https:\/\/starbottle.space\/de\/wp-json\/wp\/v2\/pages\/2632\/revisions\/5038"}],"wp:attachment":[{"href":"https:\/\/starbottle.space\/de\/wp-json\/wp\/v2\/media?parent=2632"}],"curies":[{"name":"wp","href":"https:\/\/api.w.org\/{rel}","templated":true}]}}