{"id":2630,"date":"2024-05-23T10:48:26","date_gmt":"2024-05-23T10:48:26","guid":{"rendered":"https:\/\/starbottle.seppiastaging.it\/?page_id=2630"},"modified":"2024-06-20T10:15:45","modified_gmt":"2024-06-20T10:15:45","slug":"informativa-sulla-privacy","status":"publish","type":"page","link":"https:\/\/starbottle.space\/de\/datenschutzbestimmungen\/","title":{"rendered":"DATENSCHUTZERKL\u00c4RUNG"},"content":{"rendered":"<div data-elementor-type=\"wp-page\" data-elementor-id=\"2630\" class=\"elementor elementor-2630\" data-elementor-post-type=\"page\">\n\t\t\t\t<div class=\"elementor-element elementor-element-b8b5e9a e-con-full e-flex e-con e-parent\" data-id=\"b8b5e9a\" data-element_type=\"container\" data-e-type=\"container\" data-settings=\"{&quot;background_background&quot;:&quot;classic&quot;}\">\n\t\t<div class=\"elementor-element elementor-element-4036783f e-con-full animated-slow e-flex elementor-invisible e-con e-child\" data-id=\"4036783f\" data-element_type=\"container\" data-e-type=\"container\" data-settings=\"{&quot;animation&quot;:&quot;fadeIn&quot;}\">\n\t\t\t\t<div class=\"elementor-element elementor-element-7c25205d elementor-widget elementor-widget-text-editor\" data-id=\"7c25205d\" data-element_type=\"widget\" data-e-type=\"widget\" data-widget_type=\"text-editor.default\">\n\t\t\t\t<div class=\"elementor-widget-container\">\n\t\t\t\t\t\t\t\t\t<p>DATENSCHUTZPOLITIK<\/p>\t\t\t\t\t\t\t\t<\/div>\n\t\t\t\t<\/div>\n\t\t\t\t<\/div>\n\t\t<div class=\"elementor-element elementor-element-65cf869f e-con-full animated-slow e-flex elementor-invisible e-con e-child\" data-id=\"65cf869f\" data-element_type=\"container\" data-e-type=\"container\" data-settings=\"{&quot;animation&quot;:&quot;fadeIn&quot;}\">\n\t\t\t\t<div class=\"elementor-element elementor-element-2c6f41e7 elementor-widget elementor-widget-text-editor\" data-id=\"2c6f41e7\" data-element_type=\"widget\" data-e-type=\"widget\" data-widget_type=\"text-editor.default\">\n\t\t\t\t<div class=\"elementor-widget-container\">\n\t\t\t\t\t\t\t\t\t<p>Zweck dieses Dokuments ist es, die nat\u00fcrliche Person (im Folgenden \"<strong>betroffene Person<\/strong>\") \u00fcber die Verarbeitung ihrer personenbezogenen Daten (im Folgenden \"<strong>personenbezogene Daten<\/strong>\") zu informieren, die vom f\u00fcr die Verarbeitung Verantwortlichen, Nextcom s.r.l., mit Sitz in Via Paolo Bassi 29, 20135 Mailand, Italien, Steuernummer\/MwSt. 06026720968, REA MI-1865810, E-Mail-Adresse\u00a0<a title=\"mailto:privacy@starbottle.space\" href=\"mailto:privacy@starbottle.space\"><span style=\"color: white; text-decoration: underline;\">privacy@starbottle.space<\/span><\/a>, (im Folgenden \"<strong>f\u00fcr die Verarbeitung Verantwortlicher<\/strong>\") \u00fcber die Website\u00a0<a title=\"\/de\" href=\"https:\/\/starbottle.space\/it\"><span style=\"color: white; text-decoration: underline;\">starbottle.space<\/span><\/a>\u00a0(im Folgenden \"<strong>Anwendung<\/strong>\") erhoben werden.<br \/><br \/><br \/>\u00c4nderungen und Aktualisierungen werden wirksam, sobald sie in der Anwendung ver\u00f6ffentlicht werden. Wenn die betroffene Person die \u00c4nderungen der Datenschutzrichtlinie nicht akzeptiert, muss sie die Nutzung dieser Anwendung einstellen und kann den f\u00fcr die Verarbeitung Verantwortlichen bitten, ihre personenbezogenen Daten zu l\u00f6schen.<\/p><h5><strong>KATEGORIEN VON VERARBEITETEN PERSONENBEZOGENEN DATEN<\/strong><\/h5><p>Der f\u00fcr die Verarbeitung Verantwortliche verarbeitet die folgenden Arten von personenbezogenen Daten, die von der betroffenen Person freiwillig zur Verf\u00fcgung gestellt werden:<\/p><ul><li><div><strong>Kontaktangaben<\/strong>Vorname, Nachname, Adresse, E-Mail-Adresse, Telefonnummer, Bilder, Authentifizierungsdaten, weitere von der betroffenen Person \u00fcbermittelte Informationen usw.<\/div><\/li><\/ul><p><br \/>Der f\u00fcr die Verarbeitung Verantwortliche verarbeitet die folgenden Arten von automatisch erhobenen personenbezogenen Daten:<\/p><ul><li><div><strong>Technische Daten\u00a0<\/strong>Personenbezogene Daten, die von Ger\u00e4ten, Anwendungen, Werkzeugen und Protokollen erzeugt werden, wie z. B. Informationen \u00fcber das verwendete Ger\u00e4t, IP-Adressen, Browsertyp, Typ des Internetdienstanbieters (ISP). Solche personenbezogenen Daten k\u00f6nnen Spuren hinterlassen, die in Kombination mit eindeutigen Kennungen und anderen von Servern empfangenen Informationen zur Erstellung von Profilen von Einzelpersonen verwendet werden k\u00f6nnen.<\/div><\/li><li><div><strong>Verwendungsdaten\u00a0<\/strong>z. B. besuchte Seiten, Anzahl der Klicks, durchgef\u00fchrte Aktionen, Dauer der Sitzungen usw.<\/div><\/li><\/ul><p><br \/>Sollte die betroffene Person beschlie\u00dfen, personenbezogene Daten, zu deren Angabe sie gesetzlich oder vertraglich verpflichtet ist, nicht bereitzustellen, oder sollten diese Daten f\u00fcr den Abschluss eines Vertrags mit dem f\u00fcr die Verarbeitung Verantwortlichen erforderlich sein, kann der f\u00fcr die Verarbeitung Verantwortliche keine Beziehung zu der betroffenen Person aufbauen oder fortsetzen.<br \/><br \/><br \/>Die betroffene Person, die dem f\u00fcr die Verarbeitung Verantwortlichen personenbezogene Daten Dritter mitteilt, ist unmittelbar und ausschlie\u00dflich f\u00fcr deren Herkunft, Erhebung, Verarbeitung, Mitteilung oder Weitergabe verantwortlich.<\/p><h5><strong>COOKIES UND \u00c4HNLICHE TECHNOLOGIEN<\/strong><\/h5><p>Die Anwendung verwendet Cookies, Web Beacons, eindeutige Kennungen und andere \u00e4hnliche Technologien, um die personenbezogenen Daten der betroffenen Person im Zusammenhang mit den besuchten Seiten und Links und anderen Aktionen bei der Nutzung der Anwendung zu erfassen. Diese Daten werden gespeichert und dann verwendet, wenn die betroffene Person das n\u00e4chste Mal durch die Anwendung navigiert. Die vollst\u00e4ndige Cookie-Richtlinie kann unter der folgenden Adresse eingesehen werden:\u00a0<a title=\"\/de\/cookie-policy\" href=\"https:\/\/starbottle.space\/it\/cookie-policy\"><span style=\"color: white; text-decoration: underline;\">starbottle.space\/de\/cookie-policy<\/span><\/a><\/p><h5><strong>RECHTSGRUNDLAGE UND ZWECK DER DATENVERARBEITUNG<\/strong><\/h5><p>Die Verarbeitung der personenbezogenen Daten ist notwendig:<br \/><br \/><br \/><\/p><ul><li style=\"list-style-type: none;\"><ul><li style=\"list-style-type: none;\"><ul><li><div><p>f\u00fcr die Erf\u00fcllung des Vertrags mit der betroffenen Person und insbesondere:<\/p><\/div><p>\u00a0<\/p><div><ul><li style=\"list-style-type: none;\"><ul><li><div><p><strong>die Erf\u00fcllung einer Verpflichtung, die sich aus dem vorvertraglichen oder vertraglichen Verh\u00e4ltnis zur betroffenen Person ergibt<\/strong><\/p><\/div><\/li><\/ul><\/li><\/ul><p>\u00a0<\/p><ul><li style=\"list-style-type: none;\"><ul><li><div><p><strong>Registrierung und Authentifizierung der betroffenen Person:<\/strong>\u00a0um es der betroffenen Person zu erm\u00f6glichen, sich bei der Anwendung zu registrieren, darauf zuzugreifen und sich darin zu identifizieren, auch \u00fcber externe Plattformen<\/p><\/div><\/li><\/ul><\/li><\/ul><p>\u00a0<\/p><ul><li><div><p><strong>Unterst\u00fctzung und Kontakt mit der betroffenen Person:<\/strong>\u00a0um auf Ihre Anfragen zu antworten<\/p><\/div><\/li><\/ul><\/div><\/li><\/ul><\/li><\/ul><p>\u00a0<\/p><ul><li style=\"list-style-type: none;\"><ul><li><div><p>f\u00fcr rechtliche Verpflichtungen und vor allem:<\/p><\/div><p>\u00a0<\/p><div><ul><li><div><p><strong>die Erf\u00fcllung der Verpflichtungen aus den geltenden Vorschriften, Gesetzen und Verordnungen,\u00a0<\/strong>insbesondere in Steuer- und Abgabenangelegenheiten<\/p><\/div><\/li><\/ul><\/div><\/li><\/ul><\/li><\/ul><p>\u00a0<\/p><ul><li style=\"list-style-type: none;\"><ul><li><div><p>f\u00fcr das berechtigte Interesse des f\u00fcr die Datenverarbeitung Verantwortlichen, f\u00fcr:<\/p><\/div><p>\u00a0<\/p><div><ul><li style=\"list-style-type: none;\"><ul><li><div><p><strong>Marketingzwecke per E-Mail f\u00fcr Produkte und\/oder Dienstleistungen des f\u00fcr die Datenverarbeitung Verantwortlichen<\/strong>\u00a0um Produkte oder Dienstleistungen des f\u00fcr die Verarbeitung Verantwortlichen direkt zu verkaufen, wobei die von der betroffenen Person \u00fcbermittelte E-Mail im Zusammenhang mit dem Verkauf eines \u00e4hnlichen Produkts oder einer \u00e4hnlichen Dienstleistung verwendet wird<\/p><\/div><\/li><\/ul><\/li><\/ul><p>\u00a0<\/p><ul><li><div><p><strong>Statistiken, die auf anonymen Daten beruhen:\u00a0<\/strong>statistische Analysen von aggregierten und anonymen Daten durchzuf\u00fchren, um das Verhalten der betroffenen Person zu analysieren, damit die von dem f\u00fcr die Verarbeitung Verantwortlichen angebotenen Produkte und\/oder Dienstleistungen verbessert und die Erwartungen der betroffenen Person besser erf\u00fcllt werden k\u00f6nnen<\/p><\/div><\/li><\/ul><\/div><\/li><\/ul><\/li><\/ul><p>\u00a0<\/p><ul><li><div><p>auf der Grundlage der Zustimmung der betroffenen Person, f\u00fcr:<\/p><\/div><p>\u00a0<\/p><div><ul><li style=\"list-style-type: none;\"><ul><li><div><p><strong>Profiling der betroffenen Person zu Marketingzwecken:<\/strong>\u00a0der betroffenen Person Informationen \u00fcber die Produkte und\/oder Dienstleistungen des f\u00fcr die Verarbeitung Verantwortlichen zukommen zu lassen, und zwar durch eine automatisierte Verarbeitung, die darauf abzielt, personenbezogene Daten zu sammeln, um die Pr\u00e4ferenzen oder das Verhalten der betroffenen Person vorherzusagen oder zu bewerten<\/p><\/div><\/li><\/ul><\/li><\/ul><p>\u00a0<\/p><ul><li style=\"list-style-type: none;\"><ul><li><div><p><strong>Retargeting und Remarketing:\u00a0<\/strong>die betroffene Person mit personalisierter Werbung zu erreichen, wenn sie die von der Anwendung angebotenen Produkte und\/oder Dienstleistungen unter Verwendung ihrer personenbezogenen Daten bereits besucht oder Interesse daran gezeigt hat. Die betroffene Person kann sich abmelden, indem sie die Seite\u00a0<a title=\"https:\/\/optout.networkadvertising.org\/?c=1\" href=\"https:\/\/optout.networkadvertising.org\/?c=1\" target=\"_blank\" rel=\"noopener\"><u><span style=\"color: white; text-decoration: underline;\">NetzwerkWerbungInitiativeSeite<\/span><\/u><\/a><\/p><\/div><\/li><\/ul><\/li><\/ul><p>\u00a0<\/p><ul><li><div><p><strong>Marketingzwecke f\u00fcr die Produkte und\/oder Dienstleistungen des f\u00fcr die Verarbeitung Verantwortlichen:\u00a0<\/strong>f\u00fcr die Zusendung von Informations-, Handels- und\/oder Werbematerial, f\u00fcr den Direktverkauf von Produkten und\/oder Dienstleistungen des f\u00fcr die Verarbeitung Verantwortlichen oder f\u00fcr die Durchf\u00fchrung von Marktforschungen mit Hilfe automatisierter und herk\u00f6mmlicher Methoden<\/p><\/div><\/li><\/ul><\/div><\/li><\/ul><\/li><\/ul><p><br \/>Die personenbezogenen Daten der betroffenen Person k\u00f6nnen von dem f\u00fcr die Verarbeitung Verantwortlichen auch verwendet werden, um sich in Gerichtsverfahren vor den zust\u00e4ndigen Gerichten zu sch\u00fctzen.<\/p><h5><strong>DATENVERARBEITUNGSMETHODEN UND EMPF\u00c4NGER VON PERSONENBEZOGENEN DATEN<\/strong><\/h5><p>Die Verarbeitung personenbezogener Daten erfolgt mittels papiergest\u00fctzter und computergest\u00fctzter Instrumente mit organisatorischen und logischen Methoden, die sich streng an den angegebenen Zwecken orientieren, und unter Anwendung geeigneter Sicherheitsma\u00dfnahmen.<br \/>Personenbezogene Daten werden ausschlie\u00dflich von uns verarbeitet:<br \/><br \/><br \/><\/p><ul><li style=\"list-style-type: none;\"><ul><li><div>Personen, die von dem f\u00fcr die Verarbeitung Verantwortlichen zur Verarbeitung personenbezogener Daten erm\u00e4chtigt wurden und sich zur Vertraulichkeit verpflichtet haben oder einer entsprechenden gesetzlichen Verpflichtung zur Vertraulichkeit unterliegen;<\/div><\/li><li><div>Subjekte, die eigenst\u00e4ndig als getrennte Datenverantwortliche t\u00e4tig sind, oder Subjekte, die vom f\u00fcr die Verarbeitung Verantwortlichen als Datenverarbeiter f\u00fcr die Durchf\u00fchrung aller Verarbeitungst\u00e4tigkeiten benannt wurden, die f\u00fcr die Verfolgung der in dieser Richtlinie dargelegten Zwecke erforderlich sind (z. B. Gesch\u00e4ftspartner, Berater, IT-Unternehmen, Dienstleister, Hosting-Provider);<\/div><\/li><\/ul><\/li><\/ul><p>\u00a0<\/p><ul><li><div>Parteien oder Einrichtungen, denen personenbezogene Daten aufgrund von Gesetzen oder beh\u00f6rdlichen Anordnungen offengelegt werden m\u00fcssen.<\/div><\/li><\/ul><p><br \/>Die oben genannten Personen sind verpflichtet, angemessene Ma\u00dfnahmen und Garantien f\u00fcr den Schutz personenbezogener Daten zu ergreifen und d\u00fcrfen nur Zugang zu den Daten haben, die f\u00fcr die Erf\u00fcllung ihrer Aufgaben erforderlich sind.<br \/>Personenbezogene Daten werden in keiner Weise wahllos weitergegeben.<\/p><h5>Ort<\/h5><p>Personenbezogene Daten werden nicht in L\u00e4nder au\u00dferhalb des Europ\u00e4ischen Wirtschaftsraums (EWR) \u00fcbermittelt.<\/p><h5><strong>AUFBEWAHRUNGSFRIST F\u00dcR PERSONENBEZOGENE DATEN<\/strong><\/h5><p>Die personenbezogenen Daten werden so lange aufbewahrt, wie es f\u00fcr die Erf\u00fcllung der Zwecke, f\u00fcr die sie erhoben wurden, erforderlich ist. Insbesondere:<br \/><br \/><br \/><\/p><ul><li style=\"list-style-type: none;\"><ul><li><div>f\u00fcr Zwecke im Zusammenhang mit der Erf\u00fcllung des Vertrags zwischen dem f\u00fcr die Verarbeitung Verantwortlichen und der betroffenen Person w\u00e4hrend der gesamten Dauer des Vertragsverh\u00e4ltnisses und nach dessen Beendigung w\u00e4hrend der \u00fcblichen Verj\u00e4hrungsfrist von 10 Jahren aufbewahrt werden. Im Falle von Rechtsstreitigkeiten, f\u00fcr die Dauer dieser Streitigkeiten, bis zum Ablauf der Rechtsmittelfristen<\/div><\/li><\/ul><\/li><\/ul><p>\u00a0<\/p><ul><li style=\"list-style-type: none;\"><ul><li><div>f\u00fcr Zwecke, die mit den berechtigten Interessen des f\u00fcr die Verarbeitung Verantwortlichen zusammenh\u00e4ngen, aufbewahrt werden, bis diese Interessen erf\u00fcllt sind<\/div><\/li><\/ul><\/li><\/ul><p>\u00a0<\/p><ul><li style=\"list-style-type: none;\"><ul><li><div>in Erf\u00fcllung gesetzlicher Verpflichtungen, auf beh\u00f6rdliche Anordnung und zum Zwecke des Rechtsschutzes, gem\u00e4\u00df den in diesen Verpflichtungen und Vorschriften vorgesehenen Fristen und in jedem Fall bis zum Ablauf der in den geltenden Rechtsvorschriften vorgesehenen Frist aufbewahrt werden<\/div><\/li><\/ul><\/li><\/ul><p>\u00a0<\/p><ul><li><div>f\u00fcr Zwecke, die auf der Einwilligung der betroffenen Person beruhen, werden so lange gespeichert, bis die Einwilligung widerrufen wird.<\/div><\/li><\/ul><p><br \/>Nach Ablauf der Aufbewahrungsfrist werden alle personenbezogenen Daten gel\u00f6scht oder in einer Form gespeichert, die eine Identifizierung der betroffenen Person nicht zul\u00e4sst.<\/p><h5><strong>RECHTE DER BETROFFENEN PERSON<\/strong><\/h5><p>Die betroffene Person kann bestimmte Rechte in Bezug auf die von dem f\u00fcr die Verarbeitung Verantwortlichen verarbeiteten personenbezogenen Daten aus\u00fcben. Insbesondere hat die betroffene Person das Recht auf:<br \/><br \/><br \/><\/p><ul><li><div>\u00fcber die Verarbeitung ihrer pers\u00f6nlichen Daten informiert zu werden<\/div><\/li><li><div>die Zustimmung jederzeit zu widerrufen<\/div><\/li><li><div>die Verarbeitung seiner pers\u00f6nlichen Daten einzuschr\u00e4nken<\/div><\/li><li><div>der Verarbeitung Ihrer personenbezogenen Daten zu widersprechen<\/div><\/li><li><div>Zugang zu ihren pers\u00f6nlichen Daten<\/div><\/li><li><div>ihre personenbezogenen Daten zu \u00fcberpr\u00fcfen und deren Berichtigung zu verlangen<\/div><\/li><li><div>die Verarbeitung seiner personenbezogenen Daten einzuschr\u00e4nken<\/div><\/li><li><div>die L\u00f6schung ihrer personenbezogenen Daten zu erwirken<\/div><\/li><li><div>Ihre personenbezogenen Daten an einen anderen f\u00fcr die Datenverarbeitung Verantwortlichen zu \u00fcbermitteln<\/div><\/li><li><div>eine Beschwerde bei der Datenschutzaufsichtsbeh\u00f6rde einreichen und\/oder rechtliche Schritte einleiten.<\/div><\/li><\/ul><p><br \/>Um ihre Rechte geltend zu machen, kann die betroffene Person einen Antrag an die folgende E-Mail-Adresse senden\u00a0<a title=\"mailto:privacy@starbottle.space\" href=\"mailto:privacy@starbottle.space\"><span style=\"color: white; text-decoration: underline;\">privacy@starbottle.space<\/span><\/a>Die Anfragen werden von dem f\u00fcr die Verarbeitung Verantwortlichen unverz\u00fcglich bearbeitet und so schnell wie m\u00f6glich, in jedem Fall aber innerhalb von 30 Tagen, erledigt.<\/p><h5><strong>DATENSCHUTZBEAUFTRAGTER<\/strong><\/h5><p>Der Datenschutzbeauftragte ist Giovanna Emanuela Bovani, Via Aurelia 78 A 16038 Santa Margherita Ligure (GE), Steuernummer BVNGNN56E51G186M, E-Mail\u00a0<a title=\"mailto:amministrazione@nextcomitaly.com\" href=\"mailto:amministrazione@nextcomitaly.com\"><span style=\"color: white; text-decoration: underline;\">amministrazione@nextcomitaly.com<\/span><\/a>, .<br \/><br \/><br \/>Letzte Aktualisierung: 27\/01\/2023<\/p>\t\t\t\t\t\t\t\t<\/div>\n\t\t\t\t<\/div>\n\t\t\t\t<\/div>\n\t\t\t\t<\/div>\n\t\t\t\t<\/div>","protected":false},"excerpt":{"rendered":"<p>INFORMATIVA DELLA PRIVACY Il presente documento ha lo scopo di informare la persona fisica (di seguito \u201cInteressato\u201d) sul trattamento dei suoi dati personali (di seguito \u201cDati Personali\u201d) raccolti dal titolare del trattamento, Nextcom s.r.l., con sede legale in Via Paolo Bassi 29, 20135 Milano, Codice Fiscale\/Partita IVA 06026720968, REA MI-1865810, indirizzo e-mail\u00a0privacy@starbottle.space, (di seguito \u201cTitolare [&hellip;]<\/p>\n","protected":false},"author":1,"featured_media":0,"parent":0,"menu_order":0,"comment_status":"closed","ping_status":"closed","template":"","meta":{"_acf_changed":false,"footnotes":""},"class_list":["post-2630","page","type-page","status-publish","hentry"],"acf":[],"_links":{"self":[{"href":"https:\/\/starbottle.space\/de\/wp-json\/wp\/v2\/pages\/2630","targetHints":{"allow":["GET"]}}],"collection":[{"href":"https:\/\/starbottle.space\/de\/wp-json\/wp\/v2\/pages"}],"about":[{"href":"https:\/\/starbottle.space\/de\/wp-json\/wp\/v2\/types\/page"}],"author":[{"embeddable":true,"href":"https:\/\/starbottle.space\/de\/wp-json\/wp\/v2\/users\/1"}],"replies":[{"embeddable":true,"href":"https:\/\/starbottle.space\/de\/wp-json\/wp\/v2\/comments?post=2630"}],"version-history":[{"count":28,"href":"https:\/\/starbottle.space\/de\/wp-json\/wp\/v2\/pages\/2630\/revisions"}],"predecessor-version":[{"id":6292,"href":"https:\/\/starbottle.space\/de\/wp-json\/wp\/v2\/pages\/2630\/revisions\/6292"}],"wp:attachment":[{"href":"https:\/\/starbottle.space\/de\/wp-json\/wp\/v2\/media?parent=2630"}],"curies":[{"name":"wp","href":"https:\/\/api.w.org\/{rel}","templated":true}]}}